{"id":142375,"date":"2025-06-19T14:46:57","date_gmt":"2025-06-19T14:46:57","guid":{"rendered":"https:\/\/jm-pharma.net\/?post_type=product&#038;p=142375"},"modified":"2025-08-15T13:14:48","modified_gmt":"2025-08-15T13:14:48","slug":"even-skin-tone-kit-serum","status":"publish","type":"product","link":"https:\/\/jm-pharma.net\/en\/product\/even-skin-tone-kit-serum\/","title":{"rendered":"Even Skin Tone Kit &#8211; Serum"},"content":{"rendered":"<p>HAPI I DYT\u00cb N\u00cb LUFT\u00cbN KUND\u00cbR NJOLLAVE:<br \/>\nSEKRETI P\u00cbR NJ\u00cb L\u00cbKUR\u00cb T\u00cb NJEHSUAR<\/p>\n<p>I formuluar me 30% uj\u00eb orizi, ky serum \u00ebsht\u00eb krijuar p\u00ebr t\u00eb trajtuar tonin e pabarabart\u00eb t\u00eb l\u00ebkur\u00ebs, duke p\u00ebrmir\u00ebsuar nj\u00ebkoh\u00ebsisht shk\u00eblqimin natyral t\u00eb saj. P\u00ebrb\u00ebr\u00ebs t\u00eb fuqish\u00ebm si Acidi Traneksamik, Alpha Arbutin dhe Tranexamoyl Dipeptide-23 veprojn\u00eb p\u00ebr t\u00eb unifikuar tonin e l\u00ebkur\u00ebs. I pasuruar me Ekstrakt Rr\u00ebnj\u00eb Lakrice, Ekstrakt Orizi t\u00eb Fermentuar dhe Boronic\u00eb, kjo formul\u00eb ndihmon l\u00ebkur\u00ebn tuaj t\u00eb arrij\u00eb nj\u00eb pamje m\u00eb t\u00eb ndritshme dhe plot shk\u00eblqim.<\/p>\n<p>P\u00ebrb\u00ebr\u00ebsit Aktiv\u00eb:<br \/>\nUj\u00eb Orizi (30%)<br \/>\nEkstrakt i Orizit t\u00eb Fermentuar (3.6%)<br \/>\nAcid Traneksamik (3%)<br \/>\nAlpha-Arbutin (1%)<br \/>\nTranexamoyl Dipeptide-23 (0.03%)<\/p>","protected":false},"excerpt":{"rendered":"<p>HAPI I DYT\u00cb N\u00cb LUFT\u00cbN KUND\u00cbR NJOLLAVE: SEKRETI P\u00cbR NJ\u00cb L\u00cbKUR\u00cb T\u00cb NJEHSUAR I formuluar me 30% uj\u00eb orizi, ky serum \u00ebsht\u00eb krijuar p\u00ebr t\u00eb trajtuar tonin e pabarabart\u00eb t\u00eb l\u00ebkur\u00ebs, duke p\u00ebrmir\u00ebsuar nj\u00ebkoh\u00ebsisht shk\u00eblqimin natyral t\u00eb saj. P\u00ebrb\u00ebr\u00ebs t\u00eb fuqish\u00ebm si Acidi Traneksamik, Alpha Arbutin dhe Tranexamoyl Dipeptide-23 veprojn\u00eb p\u00ebr t\u00eb unifikuar tonin e&#8230;<\/p>","protected":false},"featured_media":0,"comment_status":"open","ping_status":"closed","template":"","meta":{"_bst_post_transparent":"","_bst_post_title":"","_bst_post_layout":"","_bst_post_sidebar_id":"","_bst_post_content_style":"","_bst_post_vertical_padding":"","_bst_post_feature":"","_bst_post_feature_position":"","_bst_post_header":false,"_bst_post_footer":false},"product_brand":[],"product_cat":[15],"product_tag":[],"product_brands":[],"class_list":{"0":"post-142375","1":"product","2":"type-product","3":"status-publish","5":"product_cat-tjera","7":"first","8":"instock","9":"featured","10":"shipping-taxable","11":"product-type-simple","12":"entry","13":"content-bg","14":"loop-entry"},"_links":{"self":[{"href":"https:\/\/jm-pharma.net\/en\/wp-json\/wp\/v2\/product\/142375","targetHints":{"allow":["GET"]}}],"collection":[{"href":"https:\/\/jm-pharma.net\/en\/wp-json\/wp\/v2\/product"}],"about":[{"href":"https:\/\/jm-pharma.net\/en\/wp-json\/wp\/v2\/types\/product"}],"replies":[{"embeddable":true,"href":"https:\/\/jm-pharma.net\/en\/wp-json\/wp\/v2\/comments?post=142375"}],"wp:attachment":[{"href":"https:\/\/jm-pharma.net\/en\/wp-json\/wp\/v2\/media?parent=142375"}],"wp:term":[{"taxonomy":"product_brand","embeddable":true,"href":"https:\/\/jm-pharma.net\/en\/wp-json\/wp\/v2\/product_brand?post=142375"},{"taxonomy":"product_cat","embeddable":true,"href":"https:\/\/jm-pharma.net\/en\/wp-json\/wp\/v2\/product_cat?post=142375"},{"taxonomy":"product_tag","embeddable":true,"href":"https:\/\/jm-pharma.net\/en\/wp-json\/wp\/v2\/product_tag?post=142375"},{"taxonomy":"product_brands","embeddable":true,"href":"https:\/\/jm-pharma.net\/en\/wp-json\/wp\/v2\/product_brands?post=142375"}],"curies":[{"name":"wp","href":"https:\/\/api.w.org\/{rel}","templated":true}]}}