{"id":149039,"date":"2025-06-16T18:02:59","date_gmt":"2025-06-16T18:02:59","guid":{"rendered":"https:\/\/jm-pharma.net\/?post_type=product&#038;p=149039"},"modified":"2026-02-10T12:26:44","modified_gmt":"2026-02-10T12:26:44","slug":"barrier-boost-toner-200-ml","status":"publish","type":"product","link":"https:\/\/jm-pharma.net\/en\/product\/barrier-boost-toner-200-ml\/","title":{"rendered":"Barrier Boost Toner"},"content":{"rendered":"<p data-start=\"0\" data-end=\"205\">Ushqen dhe qet\u00ebson l\u00ebkur\u00ebn fal\u00eb p\u00ebrb\u00ebrjes s\u00eb pasuruar me uj\u00eb, ekstrakt \u00e7aji jeshil dhe ginseng. Mb\u00ebshtet balanc\u00ebn e lag\u00ebshtis\u00eb s\u00eb l\u00ebkur\u00ebs me p\u00ebrmbajtjen e acidit hialuronik dhe i jep nj\u00eb pamje m\u00eb t\u00eb plot\u00eb.<\/p>\n<p data-start=\"207\" data-end=\"213\" data-is-last-node=\"\" data-is-only-node=\"\">200 ml<\/p>","protected":false},"excerpt":{"rendered":"<p>Heqjen e rrudhave dhe linjat e holla, forcimi i barrier\u00ebs s\u00eb l\u00ebkur\u00ebs, reduktimi i shenjave t\u00eb plakjes, p\u00ebrmir\u00ebsimi i struktur\u00ebs s\u00eb l\u00ebkur\u00ebs.<\/p>","protected":false},"featured_media":963485,"comment_status":"open","ping_status":"closed","template":"","meta":{"_bst_post_transparent":"default","_bst_post_title":"","_bst_post_layout":"default","_bst_post_sidebar_id":"","_bst_post_content_style":"default","_bst_post_vertical_padding":"default","_bst_post_feature":"","_bst_post_feature_position":"","_bst_post_header":false,"_bst_post_footer":false},"product_brand":[],"product_cat":[112],"product_tag":[],"product_brands":[],"class_list":{"0":"post-149039","1":"product","2":"type-product","3":"status-publish","4":"has-post-thumbnail","6":"product_cat-tonike","8":"first","9":"instock","10":"shipping-taxable","11":"purchasable","12":"product-type-simple","13":"entry","14":"content-bg","15":"loop-entry"},"_links":{"self":[{"href":"https:\/\/jm-pharma.net\/en\/wp-json\/wp\/v2\/product\/149039","targetHints":{"allow":["GET"]}}],"collection":[{"href":"https:\/\/jm-pharma.net\/en\/wp-json\/wp\/v2\/product"}],"about":[{"href":"https:\/\/jm-pharma.net\/en\/wp-json\/wp\/v2\/types\/product"}],"replies":[{"embeddable":true,"href":"https:\/\/jm-pharma.net\/en\/wp-json\/wp\/v2\/comments?post=149039"}],"wp:featuredmedia":[{"embeddable":true,"href":"https:\/\/jm-pharma.net\/en\/wp-json\/wp\/v2\/media\/963485"}],"wp:attachment":[{"href":"https:\/\/jm-pharma.net\/en\/wp-json\/wp\/v2\/media?parent=149039"}],"wp:term":[{"taxonomy":"product_brand","embeddable":true,"href":"https:\/\/jm-pharma.net\/en\/wp-json\/wp\/v2\/product_brand?post=149039"},{"taxonomy":"product_cat","embeddable":true,"href":"https:\/\/jm-pharma.net\/en\/wp-json\/wp\/v2\/product_cat?post=149039"},{"taxonomy":"product_tag","embeddable":true,"href":"https:\/\/jm-pharma.net\/en\/wp-json\/wp\/v2\/product_tag?post=149039"},{"taxonomy":"product_brands","embeddable":true,"href":"https:\/\/jm-pharma.net\/en\/wp-json\/wp\/v2\/product_brands?post=149039"}],"curies":[{"name":"wp","href":"https:\/\/api.w.org\/{rel}","templated":true}]}}