{"id":156938,"date":"2025-06-16T18:03:00","date_gmt":"2025-06-16T18:03:00","guid":{"rendered":"https:\/\/jm-pharma.net\/?post_type=product&#038;p=156938"},"modified":"2026-02-10T12:24:55","modified_gmt":"2026-02-10T12:24:55","slug":"hydra-moist-cream-50-ml","status":"publish","type":"product","link":"https:\/\/jm-pharma.net\/en\/product\/hydra-moist-cream-50-ml\/","title":{"rendered":"Hydra-Moist Cream"},"content":{"rendered":"<p data-start=\"24\" data-end=\"482\">I formuluar me faktor\u00eb t\u00eb ve\u00e7ant\u00eb hidratues dhe vajra, Mukusi i Gjarprit, Ekstrakti i Mjaltit dhe Kompleksi i Acidit Hialuronik jan\u00eb krijuar posa\u00e7\u00ebrisht p\u00ebr t\u00eb p\u00ebrmbushur nevojat e hidratimit t\u00eb l\u00ebkur\u00ebs suaj. Me p\u00ebrb\u00ebr\u00ebs si Vaji i Farave t\u00eb Tr\u00ebndafilit dhe Vaji i Farave t\u00eb Rrushit, ai mb\u00ebshtet pamjen rrezatuese t\u00eb l\u00ebkur\u00ebs. Formula e tij, q\u00eb p\u00ebrmban prebiotik\u00eb, promovon nj\u00eb mikrobiom t\u00eb balancuar t\u00eb l\u00ebkur\u00ebs. Ndihmon n\u00eb ushqyerjen dhe hidratimin e l\u00ebkur\u00ebs.<\/p>\n<p data-start=\"484\" data-end=\"489\" data-is-last-node=\"\" data-is-only-node=\"\">50 ml<\/p>","protected":false},"excerpt":{"rendered":"<ul>\n<li data-start=\"47\" data-end=\"60\">\n<p data-start=\"49\" data-end=\"60\">Hidratues<\/p>\n<\/li>\n<li data-start=\"61\" data-end=\"90\">\n<p data-start=\"63\" data-end=\"90\">Rrit rrezatimin e l\u00ebkur\u00ebs<\/p>\n<\/li>\n<li data-start=\"91\" data-end=\"112\">\n<p data-start=\"93\" data-end=\"112\">Hidratim i thell\u00eb<\/p>\n<\/li>\n<li data-start=\"113\" data-end=\"145\">\n<p data-start=\"115\" data-end=\"145\">Ndri\u00e7on dhe hidraton l\u00ebkur\u00ebn<\/p>\n<\/li>\n<li data-start=\"146\" data-end=\"177\">\n<p data-start=\"148\" data-end=\"177\">Hidratim i thell\u00eb i l\u00ebkur\u00ebs<\/p>\n<\/li>\n<\/ul>","protected":false},"featured_media":963467,"comment_status":"open","ping_status":"closed","template":"","meta":{"_bst_post_transparent":"default","_bst_post_title":"","_bst_post_layout":"default","_bst_post_sidebar_id":"","_bst_post_content_style":"default","_bst_post_vertical_padding":"default","_bst_post_feature":"","_bst_post_feature_position":"","_bst_post_header":false,"_bst_post_footer":false},"product_brand":[],"product_cat":[114],"product_tag":[],"product_brands":[],"class_list":{"0":"post-156938","1":"product","2":"type-product","3":"status-publish","4":"has-post-thumbnail","6":"product_cat-kremra","8":"first","9":"instock","10":"shipping-taxable","11":"purchasable","12":"product-type-simple","13":"entry","14":"content-bg","15":"loop-entry"},"_links":{"self":[{"href":"https:\/\/jm-pharma.net\/en\/wp-json\/wp\/v2\/product\/156938","targetHints":{"allow":["GET"]}}],"collection":[{"href":"https:\/\/jm-pharma.net\/en\/wp-json\/wp\/v2\/product"}],"about":[{"href":"https:\/\/jm-pharma.net\/en\/wp-json\/wp\/v2\/types\/product"}],"replies":[{"embeddable":true,"href":"https:\/\/jm-pharma.net\/en\/wp-json\/wp\/v2\/comments?post=156938"}],"wp:featuredmedia":[{"embeddable":true,"href":"https:\/\/jm-pharma.net\/en\/wp-json\/wp\/v2\/media\/963467"}],"wp:attachment":[{"href":"https:\/\/jm-pharma.net\/en\/wp-json\/wp\/v2\/media?parent=156938"}],"wp:term":[{"taxonomy":"product_brand","embeddable":true,"href":"https:\/\/jm-pharma.net\/en\/wp-json\/wp\/v2\/product_brand?post=156938"},{"taxonomy":"product_cat","embeddable":true,"href":"https:\/\/jm-pharma.net\/en\/wp-json\/wp\/v2\/product_cat?post=156938"},{"taxonomy":"product_tag","embeddable":true,"href":"https:\/\/jm-pharma.net\/en\/wp-json\/wp\/v2\/product_tag?post=156938"},{"taxonomy":"product_brands","embeddable":true,"href":"https:\/\/jm-pharma.net\/en\/wp-json\/wp\/v2\/product_brands?post=156938"}],"curies":[{"name":"wp","href":"https:\/\/api.w.org\/{rel}","templated":true}]}}