{"id":241078,"date":"2025-06-16T18:02:58","date_gmt":"2025-06-16T18:02:58","guid":{"rendered":"https:\/\/jm-pharma.net\/?post_type=product&#038;p=241078"},"modified":"2026-02-10T12:30:17","modified_gmt":"2026-02-10T12:30:17","slug":"cica-purifying-gentle-cleansing-gel-200-ml","status":"publish","type":"product","link":"https:\/\/jm-pharma.net\/en\/product\/cica-purifying-gentle-cleansing-gel-200-ml\/","title":{"rendered":"Cica Purifying Gentle Cleansing Gel"},"content":{"rendered":"<p data-start=\"75\" data-end=\"521\" data-is-last-node=\"\" data-is-only-node=\"\">Formulimi i xhelit t\u00eb but\u00eb pastrues p\u00ebrzien Centella Asiatica dhe Ekstrakt Kastraveci p\u00ebr t\u00eb ofruar nj\u00eb pastrim freskues. Me veprimin sinergjik t\u00eb LHA dhe PHA, ai ofron eksfolim t\u00eb but\u00eb duke ruajtur barrier\u00ebn natyrale t\u00eb l\u00ebkur\u00ebs. I pasuruar me prebiotik\u00eb p\u00ebr t\u00eb p\u00ebrmir\u00ebsuar sh\u00ebndetin e mikrobiom\u00ebs. P\u00ebrmban Niacinamide, Zinc PCA, Panthenol dhe Acide Hialuronike, q\u00eb pastrojn\u00eb pa thar\u00eb l\u00ebkur\u00ebn dhe promovojn\u00eb nj\u00eb pamje t\u00eb balancuar dhe rrezatuese.<\/p>","protected":false},"excerpt":{"rendered":"<p>Pastrues, qet\u00ebsim i l\u00ebkur\u00ebs, ndri\u00e7im dhe hidratim i l\u00ebkur\u00ebs.<\/p>","protected":false},"featured_media":963488,"comment_status":"open","ping_status":"closed","template":"","meta":{"_bst_post_transparent":"default","_bst_post_title":"","_bst_post_layout":"default","_bst_post_sidebar_id":"","_bst_post_content_style":"default","_bst_post_vertical_padding":"default","_bst_post_feature":"","_bst_post_feature_position":"","_bst_post_header":false,"_bst_post_footer":false},"product_brand":[],"product_cat":[111],"product_tag":[],"product_brands":[],"class_list":{"0":"post-241078","1":"product","2":"type-product","3":"status-publish","4":"has-post-thumbnail","6":"product_cat-pastrues-fytyre","8":"first","9":"instock","10":"shipping-taxable","11":"purchasable","12":"product-type-simple","13":"entry","14":"content-bg","15":"loop-entry"},"_links":{"self":[{"href":"https:\/\/jm-pharma.net\/en\/wp-json\/wp\/v2\/product\/241078","targetHints":{"allow":["GET"]}}],"collection":[{"href":"https:\/\/jm-pharma.net\/en\/wp-json\/wp\/v2\/product"}],"about":[{"href":"https:\/\/jm-pharma.net\/en\/wp-json\/wp\/v2\/types\/product"}],"replies":[{"embeddable":true,"href":"https:\/\/jm-pharma.net\/en\/wp-json\/wp\/v2\/comments?post=241078"}],"wp:featuredmedia":[{"embeddable":true,"href":"https:\/\/jm-pharma.net\/en\/wp-json\/wp\/v2\/media\/963488"}],"wp:attachment":[{"href":"https:\/\/jm-pharma.net\/en\/wp-json\/wp\/v2\/media?parent=241078"}],"wp:term":[{"taxonomy":"product_brand","embeddable":true,"href":"https:\/\/jm-pharma.net\/en\/wp-json\/wp\/v2\/product_brand?post=241078"},{"taxonomy":"product_cat","embeddable":true,"href":"https:\/\/jm-pharma.net\/en\/wp-json\/wp\/v2\/product_cat?post=241078"},{"taxonomy":"product_tag","embeddable":true,"href":"https:\/\/jm-pharma.net\/en\/wp-json\/wp\/v2\/product_tag?post=241078"},{"taxonomy":"product_brands","embeddable":true,"href":"https:\/\/jm-pharma.net\/en\/wp-json\/wp\/v2\/product_brands?post=241078"}],"curies":[{"name":"wp","href":"https:\/\/api.w.org\/{rel}","templated":true}]}}