{"id":277557,"date":"2025-06-16T18:02:59","date_gmt":"2025-06-16T18:02:59","guid":{"rendered":"https:\/\/jm-pharma.net\/?post_type=product&#038;p=277557"},"modified":"2026-02-10T12:27:12","modified_gmt":"2026-02-10T12:27:12","slug":"hydra-refresh-essence-toner-200-ml","status":"publish","type":"product","link":"https:\/\/jm-pharma.net\/en\/product\/hydra-refresh-essence-toner-200-ml\/","title":{"rendered":"Hydra &#8211; Refresh Essence Toner"},"content":{"rendered":"<p data-start=\"0\" data-end=\"324\">Sigurimi i nj\u00eb p\u00ebrzierjeje unike nga Sekreti i K\u00ebrmillit dhe Mjalti i Fermentuar q\u00eb ofron nj\u00eb efekt t\u00eb thell\u00eb hidratues, freskues dhe ushqyes. Ekstrakti i Aloe Ver\u00ebs, Ekstrakti i Kastravecit dhe Ekstrakti i Propolisit sigurojn\u00eb nj\u00eb ndjesi qet\u00ebsuese, nd\u00ebrsa tekstura speciale garanton hidratim efektiv dhe nj\u00eb prekje t\u00eb but\u00eb.<\/p>\n<p data-start=\"326\" data-end=\"332\" data-is-last-node=\"\" data-is-only-node=\"\">200 ml<\/p>","protected":false},"excerpt":{"rendered":"<p>Hidratim, ndri\u00e7im, p\u00ebrmir\u00ebsim teksture, ushqim i Thell\u00eb i L\u00ebkur\u00ebs.<\/p>","protected":false},"featured_media":963482,"comment_status":"open","ping_status":"closed","template":"","meta":{"_bst_post_transparent":"default","_bst_post_title":"","_bst_post_layout":"default","_bst_post_sidebar_id":"","_bst_post_content_style":"default","_bst_post_vertical_padding":"default","_bst_post_feature":"","_bst_post_feature_position":"","_bst_post_header":false,"_bst_post_footer":false},"product_brand":[],"product_cat":[112],"product_tag":[],"product_brands":[],"class_list":{"0":"post-277557","1":"product","2":"type-product","3":"status-publish","4":"has-post-thumbnail","6":"product_cat-tonike","8":"first","9":"instock","10":"shipping-taxable","11":"purchasable","12":"product-type-simple","13":"entry","14":"content-bg","15":"loop-entry"},"_links":{"self":[{"href":"https:\/\/jm-pharma.net\/en\/wp-json\/wp\/v2\/product\/277557","targetHints":{"allow":["GET"]}}],"collection":[{"href":"https:\/\/jm-pharma.net\/en\/wp-json\/wp\/v2\/product"}],"about":[{"href":"https:\/\/jm-pharma.net\/en\/wp-json\/wp\/v2\/types\/product"}],"replies":[{"embeddable":true,"href":"https:\/\/jm-pharma.net\/en\/wp-json\/wp\/v2\/comments?post=277557"}],"wp:featuredmedia":[{"embeddable":true,"href":"https:\/\/jm-pharma.net\/en\/wp-json\/wp\/v2\/media\/963482"}],"wp:attachment":[{"href":"https:\/\/jm-pharma.net\/en\/wp-json\/wp\/v2\/media?parent=277557"}],"wp:term":[{"taxonomy":"product_brand","embeddable":true,"href":"https:\/\/jm-pharma.net\/en\/wp-json\/wp\/v2\/product_brand?post=277557"},{"taxonomy":"product_cat","embeddable":true,"href":"https:\/\/jm-pharma.net\/en\/wp-json\/wp\/v2\/product_cat?post=277557"},{"taxonomy":"product_tag","embeddable":true,"href":"https:\/\/jm-pharma.net\/en\/wp-json\/wp\/v2\/product_tag?post=277557"},{"taxonomy":"product_brands","embeddable":true,"href":"https:\/\/jm-pharma.net\/en\/wp-json\/wp\/v2\/product_brands?post=277557"}],"curies":[{"name":"wp","href":"https:\/\/api.w.org\/{rel}","templated":true}]}}