{"id":285830,"date":"2025-06-16T18:02:58","date_gmt":"2025-06-16T18:02:58","guid":{"rendered":"https:\/\/jm-pharma.net\/?post_type=product&#038;p=285830"},"modified":"2026-02-10T12:29:30","modified_gmt":"2026-02-10T12:29:30","slug":"super-pore-refining-toner","status":"publish","type":"product","link":"https:\/\/jm-pharma.net\/en\/product\/super-pore-refining-toner\/","title":{"rendered":"Super Pore Refining Toner"},"content":{"rendered":"<p data-start=\"0\" data-end=\"210\">Me formul\u00eb pa alkool, pastron but\u00ebsisht l\u00ebkur\u00ebn pa e thar\u00eb dhe ngushton poret. E zhvilluar posa\u00e7\u00ebrisht p\u00ebr llojet e l\u00ebkur\u00ebs me p\u00ebrzierje, ndihmon n\u00eb parandalimin e shfaqjes s\u00eb rrudhave fal\u00eb efektit anti-plakje.<\/p>\n<p data-start=\"212\" data-end=\"218\" data-is-last-node=\"\" data-is-only-node=\"\">200 ml<\/p>","protected":false},"excerpt":{"rendered":"<p>Reduktim dhe parandalim i formimit t\u00eb akneve, pastrim i poreve, ruajtje e balanc\u00ebs s\u00eb sebumit.<\/p>","protected":false},"featured_media":963491,"comment_status":"open","ping_status":"closed","template":"","meta":{"_bst_post_transparent":"default","_bst_post_title":"","_bst_post_layout":"default","_bst_post_sidebar_id":"","_bst_post_content_style":"default","_bst_post_vertical_padding":"default","_bst_post_feature":"","_bst_post_feature_position":"","_bst_post_header":false,"_bst_post_footer":false},"product_brand":[],"product_cat":[112],"product_tag":[],"product_brands":[],"class_list":{"0":"post-285830","1":"product","2":"type-product","3":"status-publish","4":"has-post-thumbnail","6":"product_cat-tonike","8":"first","9":"instock","10":"shipping-taxable","11":"purchasable","12":"product-type-simple","13":"entry","14":"content-bg","15":"loop-entry"},"_links":{"self":[{"href":"https:\/\/jm-pharma.net\/en\/wp-json\/wp\/v2\/product\/285830","targetHints":{"allow":["GET"]}}],"collection":[{"href":"https:\/\/jm-pharma.net\/en\/wp-json\/wp\/v2\/product"}],"about":[{"href":"https:\/\/jm-pharma.net\/en\/wp-json\/wp\/v2\/types\/product"}],"replies":[{"embeddable":true,"href":"https:\/\/jm-pharma.net\/en\/wp-json\/wp\/v2\/comments?post=285830"}],"wp:featuredmedia":[{"embeddable":true,"href":"https:\/\/jm-pharma.net\/en\/wp-json\/wp\/v2\/media\/963491"}],"wp:attachment":[{"href":"https:\/\/jm-pharma.net\/en\/wp-json\/wp\/v2\/media?parent=285830"}],"wp:term":[{"taxonomy":"product_brand","embeddable":true,"href":"https:\/\/jm-pharma.net\/en\/wp-json\/wp\/v2\/product_brand?post=285830"},{"taxonomy":"product_cat","embeddable":true,"href":"https:\/\/jm-pharma.net\/en\/wp-json\/wp\/v2\/product_cat?post=285830"},{"taxonomy":"product_tag","embeddable":true,"href":"https:\/\/jm-pharma.net\/en\/wp-json\/wp\/v2\/product_tag?post=285830"},{"taxonomy":"product_brands","embeddable":true,"href":"https:\/\/jm-pharma.net\/en\/wp-json\/wp\/v2\/product_brands?post=285830"}],"curies":[{"name":"wp","href":"https:\/\/api.w.org\/{rel}","templated":true}]}}