{"id":303106,"date":"2025-06-16T18:02:58","date_gmt":"2025-06-16T18:02:58","guid":{"rendered":"https:\/\/jm-pharma.net\/?post_type=product&#038;p=303106"},"modified":"2026-02-10T12:29:08","modified_gmt":"2026-02-10T12:29:08","slug":"acne-clear-serum","status":"publish","type":"product","link":"https:\/\/jm-pharma.net\/en\/product\/acne-clear-serum\/","title":{"rendered":"Acne Clear Serum"},"content":{"rendered":"<p>Serumi Anti-Njoll\u00eb dhe Qet\u00ebsues me 5% Acid Azelaik i ofron l\u00ebkur\u00ebs tuaj kujdesin q\u00eb i nevojitet, nd\u00ebrsa ndihmon n\u00eb parandalimin e shfaqjes s\u00eb akneve. Formula e tij pa alkool qet\u00ebson but\u00ebsisht l\u00ebkur\u00ebn dhe \u00ebsht\u00eb e pasuruar me p\u00ebrb\u00ebr\u00ebs natyral\u00eb si ekstrakti i Centella-s, acidi azelaik dhe ekstrakti i l\u00ebvores s\u00eb arr\u00ebs. K\u00ebta p\u00ebrb\u00ebr\u00ebs ndihmojn\u00eb n\u00eb ruajtjen e balanc\u00ebs natyrale t\u00eb l\u00ebkur\u00ebs, duke promovuar nj\u00eb pamje t\u00eb sh\u00ebndetshme.<\/p>\n<p>30ml<\/p>","protected":false},"excerpt":{"rendered":"<p>Reduktim dhe parandalim i formimit t\u00eb akneve, ruajtje e balanc\u00ebs s\u00eb sebumit, nxitje e rigjenerimit t\u00eb sh\u00ebndetsh\u00ebm t\u00eb l\u00ebkur\u00ebs, p\u00ebrmir\u00ebsim i struktur\u00ebs s\u00eb l\u00ebkur\u00ebs.<\/p>","protected":false},"featured_media":963494,"comment_status":"open","ping_status":"closed","template":"","meta":{"_bst_post_transparent":"default","_bst_post_title":"","_bst_post_layout":"default","_bst_post_sidebar_id":"","_bst_post_content_style":"default","_bst_post_vertical_padding":"default","_bst_post_feature":"","_bst_post_feature_position":"","_bst_post_header":false,"_bst_post_footer":false},"product_brand":[],"product_cat":[113],"product_tag":[],"product_brands":[],"class_list":{"0":"post-303106","1":"product","2":"type-product","3":"status-publish","4":"has-post-thumbnail","6":"product_cat-serumet","8":"first","9":"instock","10":"shipping-taxable","11":"purchasable","12":"product-type-simple","13":"entry","14":"content-bg","15":"loop-entry"},"_links":{"self":[{"href":"https:\/\/jm-pharma.net\/en\/wp-json\/wp\/v2\/product\/303106","targetHints":{"allow":["GET"]}}],"collection":[{"href":"https:\/\/jm-pharma.net\/en\/wp-json\/wp\/v2\/product"}],"about":[{"href":"https:\/\/jm-pharma.net\/en\/wp-json\/wp\/v2\/types\/product"}],"replies":[{"embeddable":true,"href":"https:\/\/jm-pharma.net\/en\/wp-json\/wp\/v2\/comments?post=303106"}],"wp:featuredmedia":[{"embeddable":true,"href":"https:\/\/jm-pharma.net\/en\/wp-json\/wp\/v2\/media\/963494"}],"wp:attachment":[{"href":"https:\/\/jm-pharma.net\/en\/wp-json\/wp\/v2\/media?parent=303106"}],"wp:term":[{"taxonomy":"product_brand","embeddable":true,"href":"https:\/\/jm-pharma.net\/en\/wp-json\/wp\/v2\/product_brand?post=303106"},{"taxonomy":"product_cat","embeddable":true,"href":"https:\/\/jm-pharma.net\/en\/wp-json\/wp\/v2\/product_cat?post=303106"},{"taxonomy":"product_tag","embeddable":true,"href":"https:\/\/jm-pharma.net\/en\/wp-json\/wp\/v2\/product_tag?post=303106"},{"taxonomy":"product_brands","embeddable":true,"href":"https:\/\/jm-pharma.net\/en\/wp-json\/wp\/v2\/product_brands?post=303106"}],"curies":[{"name":"wp","href":"https:\/\/api.w.org\/{rel}","templated":true}]}}