{"id":368893,"date":"2025-06-16T18:02:59","date_gmt":"2025-06-16T18:02:59","guid":{"rendered":"https:\/\/jm-pharma.net\/?post_type=product&#038;p=368893"},"modified":"2026-02-10T12:28:31","modified_gmt":"2026-02-10T12:28:31","slug":"clarify-mouisturizing-oil-free-cream","status":"publish","type":"product","link":"https:\/\/jm-pharma.net\/en\/product\/clarify-mouisturizing-oil-free-cream\/","title":{"rendered":"Clarify Moisturizing Oil &#8211; Free Cream"},"content":{"rendered":"<p data-start=\"0\" data-end=\"473\">Formula pa vaj \u00ebsht\u00eb krijuar posa\u00e7\u00ebrisht p\u00ebr t\u00eb p\u00ebrmbushur nevojat p\u00ebr hidratim t\u00eb l\u00ebkur\u00ebs s\u00eb ndjeshme ndaj problemeve. Me p\u00ebrb\u00ebr\u00ebs si Aloe Vera, Acid Hialuronik dhe Ektoin\u00eb, hidraton n\u00eb m\u00ebnyr\u00eb efektive l\u00ebkur\u00ebn. Ekstrakti i Centella-s qet\u00ebson l\u00ebkur\u00ebn, nd\u00ebrsa LHA ofron nj\u00eb eksfolim t\u00eb but\u00eb. Ginkgo Biloba vepron si antioksidant dhe Ekstrakti i Lisit t\u00eb Bardh\u00eb ndihmon n\u00eb pastrimin e l\u00ebkur\u00ebs. Kjo p\u00ebrzierje e plot\u00eb p\u00ebrb\u00ebr\u00ebsish jep nj\u00eb pamje t\u00eb but\u00eb dhe t\u00eb past\u00ebr t\u00eb l\u00ebkur\u00ebs.<\/p>\n<p data-start=\"475\" data-end=\"484\" data-is-last-node=\"\" data-is-only-node=\"\"><strong data-start=\"475\" data-end=\"484\" data-is-last-node=\"\">50 ml<\/strong><\/p>","protected":false},"excerpt":{"rendered":"<p><strong data-start=\"49\" data-end=\"66\">Kund\u00ebr akneve<\/strong>, parandalon dhe redukton aknet, balancon yndyr\u00ebn, pastron, ndri\u00e7on dhe hidraton l\u00ebkur\u00ebn.<\/p>","protected":false},"featured_media":963479,"comment_status":"open","ping_status":"closed","template":"","meta":{"_bst_post_transparent":"default","_bst_post_title":"","_bst_post_layout":"default","_bst_post_sidebar_id":"","_bst_post_content_style":"default","_bst_post_vertical_padding":"default","_bst_post_feature":"","_bst_post_feature_position":"","_bst_post_header":false,"_bst_post_footer":false},"product_brand":[],"product_cat":[114],"product_tag":[],"product_brands":[],"class_list":{"0":"post-368893","1":"product","2":"type-product","3":"status-publish","4":"has-post-thumbnail","6":"product_cat-kremra","8":"first","9":"instock","10":"shipping-taxable","11":"purchasable","12":"product-type-simple","13":"entry","14":"content-bg","15":"loop-entry"},"_links":{"self":[{"href":"https:\/\/jm-pharma.net\/en\/wp-json\/wp\/v2\/product\/368893","targetHints":{"allow":["GET"]}}],"collection":[{"href":"https:\/\/jm-pharma.net\/en\/wp-json\/wp\/v2\/product"}],"about":[{"href":"https:\/\/jm-pharma.net\/en\/wp-json\/wp\/v2\/types\/product"}],"replies":[{"embeddable":true,"href":"https:\/\/jm-pharma.net\/en\/wp-json\/wp\/v2\/comments?post=368893"}],"wp:featuredmedia":[{"embeddable":true,"href":"https:\/\/jm-pharma.net\/en\/wp-json\/wp\/v2\/media\/963479"}],"wp:attachment":[{"href":"https:\/\/jm-pharma.net\/en\/wp-json\/wp\/v2\/media?parent=368893"}],"wp:term":[{"taxonomy":"product_brand","embeddable":true,"href":"https:\/\/jm-pharma.net\/en\/wp-json\/wp\/v2\/product_brand?post=368893"},{"taxonomy":"product_cat","embeddable":true,"href":"https:\/\/jm-pharma.net\/en\/wp-json\/wp\/v2\/product_cat?post=368893"},{"taxonomy":"product_tag","embeddable":true,"href":"https:\/\/jm-pharma.net\/en\/wp-json\/wp\/v2\/product_tag?post=368893"},{"taxonomy":"product_brands","embeddable":true,"href":"https:\/\/jm-pharma.net\/en\/wp-json\/wp\/v2\/product_brands?post=368893"}],"curies":[{"name":"wp","href":"https:\/\/api.w.org\/{rel}","templated":true}]}}