{"id":392767,"date":"2025-06-16T18:03:00","date_gmt":"2025-06-16T18:03:00","guid":{"rendered":"https:\/\/jm-pharma.net\/?post_type=product&#038;p=392767"},"modified":"2026-02-10T12:25:59","modified_gmt":"2026-02-10T12:25:59","slug":"hydra-glow-serum-30-ml","status":"publish","type":"product","link":"https:\/\/jm-pharma.net\/en\/product\/hydra-glow-serum-30-ml\/","title":{"rendered":"Hydra-Glow Serum"},"content":{"rendered":"<p>Hapi i Dyt\u00eb p\u00ebr Rrezatim Natyral: Hidratim dhe Ndri\u00e7im i Thell\u00eb. Arrini nj\u00eb balanc\u00eb t\u00eb p\u00ebrsosur midis natyr\u00ebs dhe shkenc\u00ebs me serumin ton\u00eb Hydra-Glow. Kjo formul\u00eb e fuqishme lufton papast\u00ebrtit\u00eb dhe nj\u00ebkoh\u00ebsisht ofron hidratim t\u00eb thell\u00eb. E pasuruar me Sekrecion Gjarpri, Niacinamide, Rrush Lak\u00ebr dhe Ekstrakt Mjalt\u00eb, ajo ndri\u00e7on fytyr\u00ebn dhe barazon tonin e l\u00ebkur\u00ebs, duke l\u00ebn\u00eb l\u00ebkur\u00ebn tuaj t\u00eb shk\u00eblqyer dhe t\u00eb fresk\u00ebt.<\/p>\n<p>P\u00ebrb\u00ebr\u00ebsit Aktiv\u00eb<br \/>\nSekrecion Gjarpri (20%)<br \/>\nEkstrakt Mjalt\u00eb (10%)<br \/>\nNiacinamide (5%)<br \/>\nEkstrakt Rrush Lak\u00ebr (3%)<br \/>\nKompleksi Acid Hialuronik (2.5%)<\/p>","protected":false},"excerpt":{"rendered":"<p>Serumi Hidratues p\u00ebr<br \/>\nNdri\u00e7im per lekuren<\/p>","protected":false},"featured_media":963473,"comment_status":"open","ping_status":"closed","template":"","meta":{"_bst_post_transparent":"default","_bst_post_title":"","_bst_post_layout":"default","_bst_post_sidebar_id":"","_bst_post_content_style":"default","_bst_post_vertical_padding":"default","_bst_post_feature":"","_bst_post_feature_position":"","_bst_post_header":false,"_bst_post_footer":false},"product_brand":[],"product_cat":[113],"product_tag":[],"product_brands":[],"class_list":{"0":"post-392767","1":"product","2":"type-product","3":"status-publish","4":"has-post-thumbnail","6":"product_cat-serumet","8":"first","9":"instock","10":"shipping-taxable","11":"purchasable","12":"product-type-simple","13":"entry","14":"content-bg","15":"loop-entry"},"_links":{"self":[{"href":"https:\/\/jm-pharma.net\/en\/wp-json\/wp\/v2\/product\/392767","targetHints":{"allow":["GET"]}}],"collection":[{"href":"https:\/\/jm-pharma.net\/en\/wp-json\/wp\/v2\/product"}],"about":[{"href":"https:\/\/jm-pharma.net\/en\/wp-json\/wp\/v2\/types\/product"}],"replies":[{"embeddable":true,"href":"https:\/\/jm-pharma.net\/en\/wp-json\/wp\/v2\/comments?post=392767"}],"wp:featuredmedia":[{"embeddable":true,"href":"https:\/\/jm-pharma.net\/en\/wp-json\/wp\/v2\/media\/963473"}],"wp:attachment":[{"href":"https:\/\/jm-pharma.net\/en\/wp-json\/wp\/v2\/media?parent=392767"}],"wp:term":[{"taxonomy":"product_brand","embeddable":true,"href":"https:\/\/jm-pharma.net\/en\/wp-json\/wp\/v2\/product_brand?post=392767"},{"taxonomy":"product_cat","embeddable":true,"href":"https:\/\/jm-pharma.net\/en\/wp-json\/wp\/v2\/product_cat?post=392767"},{"taxonomy":"product_tag","embeddable":true,"href":"https:\/\/jm-pharma.net\/en\/wp-json\/wp\/v2\/product_tag?post=392767"},{"taxonomy":"product_brands","embeddable":true,"href":"https:\/\/jm-pharma.net\/en\/wp-json\/wp\/v2\/product_brands?post=392767"}],"curies":[{"name":"wp","href":"https:\/\/api.w.org\/{rel}","templated":true}]}}