{"id":414664,"date":"2025-06-16T18:02:58","date_gmt":"2025-06-16T18:02:58","guid":{"rendered":"https:\/\/jm-pharma.net\/?post_type=product&#038;p=414664"},"modified":"2026-02-10T12:31:12","modified_gmt":"2026-02-10T12:31:12","slug":"pure-radiance-cleansing-balm-50-ml","status":"publish","type":"product","link":"https:\/\/jm-pharma.net\/en\/product\/pure-radiance-cleansing-balm-50-ml\/","title":{"rendered":"Pure Radiance Cleansing Balm"},"content":{"rendered":"<p data-start=\"0\" data-end=\"312\">Hidraton l\u00ebkur\u00ebn nd\u00ebrsa e pastron thell\u00eb fal\u00eb estereve dhe vajrave t\u00eb vlefsh\u00ebm n\u00eb p\u00ebrb\u00ebrje. Mb\u00ebshtet pamjen e ndritshme t\u00eb l\u00ebkur\u00ebs me Ujin e Orizit n\u00eb formul\u00eb. Ndihmon n\u00eb forcimin e barrier\u00ebs s\u00eb l\u00ebkur\u00ebs me prebiotik\u00eb dhe postbiotik\u00eb. Ofron nj\u00eb pamje me ton t\u00eb nj\u00ebtrajtsh\u00ebm dhe m\u00eb t\u00eb ndritshme pa e thar\u00eb l\u00ebkur\u00ebn.<\/p>\n<p data-start=\"314\" data-end=\"319\" data-is-last-node=\"\" data-is-only-node=\"\">50 ml<\/p>\n<p>&nbsp;<\/p>","protected":false},"excerpt":{"rendered":"<p>Pastrim dhe shk\u00eblqim.<\/p>","protected":false},"featured_media":963497,"comment_status":"open","ping_status":"closed","template":"","meta":{"_bst_post_transparent":"default","_bst_post_title":"","_bst_post_layout":"default","_bst_post_sidebar_id":"","_bst_post_content_style":"default","_bst_post_vertical_padding":"default","_bst_post_feature":"","_bst_post_feature_position":"","_bst_post_header":false,"_bst_post_footer":false},"product_brand":[],"product_cat":[111],"product_tag":[],"product_brands":[],"class_list":{"0":"post-414664","1":"product","2":"type-product","3":"status-publish","4":"has-post-thumbnail","6":"product_cat-pastrues-fytyre","8":"first","9":"instock","10":"shipping-taxable","11":"purchasable","12":"product-type-simple","13":"entry","14":"content-bg","15":"loop-entry"},"_links":{"self":[{"href":"https:\/\/jm-pharma.net\/en\/wp-json\/wp\/v2\/product\/414664","targetHints":{"allow":["GET"]}}],"collection":[{"href":"https:\/\/jm-pharma.net\/en\/wp-json\/wp\/v2\/product"}],"about":[{"href":"https:\/\/jm-pharma.net\/en\/wp-json\/wp\/v2\/types\/product"}],"replies":[{"embeddable":true,"href":"https:\/\/jm-pharma.net\/en\/wp-json\/wp\/v2\/comments?post=414664"}],"wp:featuredmedia":[{"embeddable":true,"href":"https:\/\/jm-pharma.net\/en\/wp-json\/wp\/v2\/media\/963497"}],"wp:attachment":[{"href":"https:\/\/jm-pharma.net\/en\/wp-json\/wp\/v2\/media?parent=414664"}],"wp:term":[{"taxonomy":"product_brand","embeddable":true,"href":"https:\/\/jm-pharma.net\/en\/wp-json\/wp\/v2\/product_brand?post=414664"},{"taxonomy":"product_cat","embeddable":true,"href":"https:\/\/jm-pharma.net\/en\/wp-json\/wp\/v2\/product_cat?post=414664"},{"taxonomy":"product_tag","embeddable":true,"href":"https:\/\/jm-pharma.net\/en\/wp-json\/wp\/v2\/product_tag?post=414664"},{"taxonomy":"product_brands","embeddable":true,"href":"https:\/\/jm-pharma.net\/en\/wp-json\/wp\/v2\/product_brands?post=414664"}],"curies":[{"name":"wp","href":"https:\/\/api.w.org\/{rel}","templated":true}]}}