{"id":444161,"date":"2025-06-22T18:46:37","date_gmt":"2025-06-22T18:46:37","guid":{"rendered":"https:\/\/jm-pharma.net\/?post_type=product&#038;p=444161"},"modified":"2026-02-10T12:21:25","modified_gmt":"2026-02-10T12:21:25","slug":"anti-acne-lotion-30-ml","status":"publish","type":"product","link":"https:\/\/jm-pharma.net\/en\/product\/anti-acne-lotion-30-ml\/","title":{"rendered":"Anti Acne Lotion"},"content":{"rendered":"<p>Formul\u00eb me veprim t\u00eb shpejt\u00eb kund\u00ebr akneve dhe njollave.E pasuruar me Zink Oksid dhe Acid Salicilik, kjo zgjidhje ndihmon n\u00eb rregullimin e prodhimit t\u00eb sebumit dhe p\u00ebrmir\u00ebson struktur\u00ebn e l\u00ebkur\u00ebs p\u00ebr nj\u00eb pamje m\u00eb t\u00eb l\u00ebmuar.Kalamina dhe Centella Asiatica qet\u00ebsojn\u00eb l\u00ebkur\u00ebn, nd\u00ebrsa ekstraktet natyrale si Vaji i Pem\u00ebs s\u00eb \u00c7ajit dhe Rr\u00ebnja e Shafranit t\u00eb Indis\u00eb ofrojn\u00eb p\u00ebrfitime pastruese dhe qet\u00ebsuese, duke promovuar nj\u00eb l\u00ebkur\u00eb m\u00eb t\u00eb past\u00ebr dhe m\u00eb t\u00eb sh\u00ebndetshme.<\/p>\n<p>30ml<\/p>","protected":false},"excerpt":{"rendered":"<p data-start=\"625\" data-end=\"777\">Redukton aknet dhe papast\u00ebrtit\u00eb,rregullon prodhimin e sebumit,qet\u00ebson l\u00ebkur\u00ebn e irrituar,p\u00ebr nj\u00eb pamje m\u00eb t\u00eb past\u00ebr dhe m\u00eb t\u00eb nj\u00ebtrajtshme,e p\u00ebrshtatshme p\u00ebr t\u00eb gjitha llojet e l\u00ebkur\u00ebs.<\/p>","protected":false},"featured_media":963675,"comment_status":"open","ping_status":"closed","template":"","meta":{"_bst_post_transparent":"default","_bst_post_title":"","_bst_post_layout":"default","_bst_post_sidebar_id":"","_bst_post_content_style":"default","_bst_post_vertical_padding":"default","_bst_post_feature":"","_bst_post_feature_position":"","_bst_post_header":false,"_bst_post_footer":false},"product_brand":[],"product_cat":[117],"product_tag":[],"product_brands":[],"class_list":{"0":"post-444161","1":"product","2":"type-product","3":"status-publish","4":"has-post-thumbnail","6":"product_cat-losion","8":"first","9":"instock","10":"shipping-taxable","11":"purchasable","12":"product-type-simple","13":"entry","14":"content-bg","15":"loop-entry"},"_links":{"self":[{"href":"https:\/\/jm-pharma.net\/en\/wp-json\/wp\/v2\/product\/444161","targetHints":{"allow":["GET"]}}],"collection":[{"href":"https:\/\/jm-pharma.net\/en\/wp-json\/wp\/v2\/product"}],"about":[{"href":"https:\/\/jm-pharma.net\/en\/wp-json\/wp\/v2\/types\/product"}],"replies":[{"embeddable":true,"href":"https:\/\/jm-pharma.net\/en\/wp-json\/wp\/v2\/comments?post=444161"}],"wp:featuredmedia":[{"embeddable":true,"href":"https:\/\/jm-pharma.net\/en\/wp-json\/wp\/v2\/media\/963675"}],"wp:attachment":[{"href":"https:\/\/jm-pharma.net\/en\/wp-json\/wp\/v2\/media?parent=444161"}],"wp:term":[{"taxonomy":"product_brand","embeddable":true,"href":"https:\/\/jm-pharma.net\/en\/wp-json\/wp\/v2\/product_brand?post=444161"},{"taxonomy":"product_cat","embeddable":true,"href":"https:\/\/jm-pharma.net\/en\/wp-json\/wp\/v2\/product_cat?post=444161"},{"taxonomy":"product_tag","embeddable":true,"href":"https:\/\/jm-pharma.net\/en\/wp-json\/wp\/v2\/product_tag?post=444161"},{"taxonomy":"product_brands","embeddable":true,"href":"https:\/\/jm-pharma.net\/en\/wp-json\/wp\/v2\/product_brands?post=444161"}],"curies":[{"name":"wp","href":"https:\/\/api.w.org\/{rel}","templated":true}]}}