{"id":534177,"date":"2025-06-16T18:03:01","date_gmt":"2025-06-16T18:03:01","guid":{"rendered":"https:\/\/jm-pharma.net\/?post_type=product&#038;p=534177"},"modified":"2026-02-10T12:24:39","modified_gmt":"2026-02-10T12:24:39","slug":"advanced-blemish-defense-cream-50-ml","status":"publish","type":"product","link":"https:\/\/jm-pharma.net\/en\/product\/advanced-blemish-defense-cream-50-ml\/","title":{"rendered":"Advanced Blemish Defense Cream"},"content":{"rendered":"<p>Me formul\u00ebn e tij t\u00eb avancuar q\u00eb p\u00ebrmban 60% uj\u00eb orizi, ky krem synon njollat nd\u00ebrsa siguron hidratim t\u00eb thell\u00eb dhe mbrojtje antioksidante kund\u00ebr shenjave t\u00eb plakjes. Alpha-Arbutin, Acidi Traneksamik dhe Diacetyl Boldine ofrojn\u00eb nj\u00eb mbrojtje t\u00eb fuqishme kund\u00ebr shfaqjes s\u00eb njollave t\u00eb err\u00ebta. I pasuruar me nj\u00eb p\u00ebrzierje t\u00eb fuqishme ekstrakti t\u00eb rr\u00ebnj\u00ebs s\u00eb likoric\u00ebs, l\u00ebng aloe vere dhe ekstrakte shege, ai p\u00ebrmir\u00ebson rrezatimin dhe ndri\u00e7imin e l\u00ebkur\u00ebs suaj, duke nxjerr\u00eb n\u00eb pah bukurin\u00eb tuaj natyrale.<\/p>\n<p>50ml<\/p>","protected":false},"excerpt":{"rendered":"<p data-start=\"60\" data-end=\"154\">Ndihmon n\u00eb hidratimin e thell\u00eb, ndri\u00e7imin dhe forcimin e l\u00ebkur\u00ebs duke reduktuar njollat.<\/p>","protected":false},"featured_media":963464,"comment_status":"open","ping_status":"closed","template":"","meta":{"_bst_post_transparent":"default","_bst_post_title":"","_bst_post_layout":"default","_bst_post_sidebar_id":"","_bst_post_content_style":"default","_bst_post_vertical_padding":"default","_bst_post_feature":"","_bst_post_feature_position":"","_bst_post_header":false,"_bst_post_footer":false},"product_brand":[],"product_cat":[114],"product_tag":[],"product_brands":[],"class_list":{"0":"post-534177","1":"product","2":"type-product","3":"status-publish","4":"has-post-thumbnail","6":"product_cat-kremra","8":"first","9":"instock","10":"shipping-taxable","11":"purchasable","12":"product-type-simple","13":"entry","14":"content-bg","15":"loop-entry"},"_links":{"self":[{"href":"https:\/\/jm-pharma.net\/en\/wp-json\/wp\/v2\/product\/534177","targetHints":{"allow":["GET"]}}],"collection":[{"href":"https:\/\/jm-pharma.net\/en\/wp-json\/wp\/v2\/product"}],"about":[{"href":"https:\/\/jm-pharma.net\/en\/wp-json\/wp\/v2\/types\/product"}],"replies":[{"embeddable":true,"href":"https:\/\/jm-pharma.net\/en\/wp-json\/wp\/v2\/comments?post=534177"}],"wp:featuredmedia":[{"embeddable":true,"href":"https:\/\/jm-pharma.net\/en\/wp-json\/wp\/v2\/media\/963464"}],"wp:attachment":[{"href":"https:\/\/jm-pharma.net\/en\/wp-json\/wp\/v2\/media?parent=534177"}],"wp:term":[{"taxonomy":"product_brand","embeddable":true,"href":"https:\/\/jm-pharma.net\/en\/wp-json\/wp\/v2\/product_brand?post=534177"},{"taxonomy":"product_cat","embeddable":true,"href":"https:\/\/jm-pharma.net\/en\/wp-json\/wp\/v2\/product_cat?post=534177"},{"taxonomy":"product_tag","embeddable":true,"href":"https:\/\/jm-pharma.net\/en\/wp-json\/wp\/v2\/product_tag?post=534177"},{"taxonomy":"product_brands","embeddable":true,"href":"https:\/\/jm-pharma.net\/en\/wp-json\/wp\/v2\/product_brands?post=534177"}],"curies":[{"name":"wp","href":"https:\/\/api.w.org\/{rel}","templated":true}]}}