{"id":534861,"date":"2025-06-16T18:02:59","date_gmt":"2025-06-16T18:02:59","guid":{"rendered":"https:\/\/jm-pharma.net\/?post_type=product&#038;p=534861"},"modified":"2026-02-10T12:28:18","modified_gmt":"2026-02-10T12:28:18","slug":"barrier-renew-night-cream-50-ml","status":"publish","type":"product","link":"https:\/\/jm-pharma.net\/en\/product\/barrier-renew-night-cream-50-ml\/","title":{"rendered":"Barrier Renew Night Cream"},"content":{"rendered":"<p data-start=\"0\" data-end=\"363\">Kremi Riparues i Barrier\u00ebs,rigjall\u00ebrues dhe kund\u00ebr plakjes \u00ebsht\u00eb formuluar posa\u00e7\u00ebrisht p\u00ebr t\u00eb zbuluar bukurin\u00eb natyrale t\u00eb l\u00ebkur\u00ebs suaj. Ky krem fytyre me cil\u00ebsi t\u00eb lart\u00eb forcon barrier\u00ebn e l\u00ebkur\u00ebs duke ofruar nj\u00eb zgjidhje efektive kund\u00ebr shenjave t\u00eb plakjes. Me p\u00ebrdorim t\u00eb p\u00ebrditsh\u00ebm, i jep rehati l\u00ebkur\u00ebs dhe nxjerr n\u00eb pah p\u00ebrfitimet e tij t\u00eb jasht\u00ebzakonshme.<\/p>\n<p data-start=\"365\" data-end=\"374\" data-is-last-node=\"\" data-is-only-node=\"\"><strong data-start=\"365\" data-end=\"374\" data-is-last-node=\"\">50 ml<\/strong><\/p>","protected":false},"excerpt":{"rendered":"<p><strong data-start=\"48\" data-end=\"67\">Kund\u00ebr rrudhave<\/strong>, rigjeneron l\u00ebkur\u00ebn, forcon q\u00ebndrueshm\u00ebrin\u00eb, redukton shenjat e plakjes, p\u00ebrmir\u00ebson struktur\u00ebn dhe ofron mbrojtje antioksiduese.<\/p>","protected":false},"featured_media":963476,"comment_status":"open","ping_status":"closed","template":"","meta":{"_bst_post_transparent":"default","_bst_post_title":"","_bst_post_layout":"default","_bst_post_sidebar_id":"","_bst_post_content_style":"default","_bst_post_vertical_padding":"default","_bst_post_feature":"","_bst_post_feature_position":"","_bst_post_header":false,"_bst_post_footer":false},"product_brand":[],"product_cat":[114],"product_tag":[],"product_brands":[],"class_list":{"0":"post-534861","1":"product","2":"type-product","3":"status-publish","4":"has-post-thumbnail","6":"product_cat-kremra","8":"first","9":"instock","10":"shipping-taxable","11":"purchasable","12":"product-type-simple","13":"entry","14":"content-bg","15":"loop-entry"},"_links":{"self":[{"href":"https:\/\/jm-pharma.net\/en\/wp-json\/wp\/v2\/product\/534861","targetHints":{"allow":["GET"]}}],"collection":[{"href":"https:\/\/jm-pharma.net\/en\/wp-json\/wp\/v2\/product"}],"about":[{"href":"https:\/\/jm-pharma.net\/en\/wp-json\/wp\/v2\/types\/product"}],"replies":[{"embeddable":true,"href":"https:\/\/jm-pharma.net\/en\/wp-json\/wp\/v2\/comments?post=534861"}],"wp:featuredmedia":[{"embeddable":true,"href":"https:\/\/jm-pharma.net\/en\/wp-json\/wp\/v2\/media\/963476"}],"wp:attachment":[{"href":"https:\/\/jm-pharma.net\/en\/wp-json\/wp\/v2\/media?parent=534861"}],"wp:term":[{"taxonomy":"product_brand","embeddable":true,"href":"https:\/\/jm-pharma.net\/en\/wp-json\/wp\/v2\/product_brand?post=534861"},{"taxonomy":"product_cat","embeddable":true,"href":"https:\/\/jm-pharma.net\/en\/wp-json\/wp\/v2\/product_cat?post=534861"},{"taxonomy":"product_tag","embeddable":true,"href":"https:\/\/jm-pharma.net\/en\/wp-json\/wp\/v2\/product_tag?post=534861"},{"taxonomy":"product_brands","embeddable":true,"href":"https:\/\/jm-pharma.net\/en\/wp-json\/wp\/v2\/product_brands?post=534861"}],"curies":[{"name":"wp","href":"https:\/\/api.w.org\/{rel}","templated":true}]}}