{"id":547092,"date":"2025-06-16T18:02:55","date_gmt":"2025-06-16T18:02:55","guid":{"rendered":"https:\/\/jm-pharma.net\/?post_type=product&#038;p=547092"},"modified":"2026-02-10T12:35:01","modified_gmt":"2026-02-10T12:35:01","slug":"enzyme-peeling-kit-2-g-x-15-pcs-enzyme-powder-50-ml-powder-solution-2","status":"publish","type":"product","link":"https:\/\/jm-pharma.net\/en\/product\/enzyme-peeling-kit-2-g-x-15-pcs-enzyme-powder-50-ml-powder-solution-2\/","title":{"rendered":"Enzyme Peeling Kit ( 2 g x 15 pcs Enzyme Powder + 50 ml Powder Solution)"},"content":{"rendered":"<p data-start=\"0\" data-end=\"373\">Kit-i i Peelingut me Enzima \u00ebsht\u00eb nj\u00eb zgjidhje inovative e krijuar p\u00ebr t\u00eb transformuar rutin\u00ebn tuaj t\u00eb kujdesit p\u00ebr l\u00ebkur\u00ebn. Formuluar me p\u00ebrb\u00ebr\u00ebs t\u00eb fuqish\u00ebm si Enzima Papain, Acidi Salicilik dhe Uji i Orizit, ky kit pastron but\u00ebsisht l\u00ebkur\u00ebn tuaj duke zbuluar shk\u00eblqimin e saj natyral. Me p\u00ebrdorim t\u00eb leht\u00eb dhe t\u00eb rehatsh\u00ebm \u00e7do dit\u00eb, ai mb\u00ebshtet sh\u00ebndetin e l\u00ebkur\u00ebs suaj.<\/p>\n<p data-start=\"375\" data-end=\"380\" data-is-last-node=\"\" data-is-only-node=\"\">80 ml<\/p>","protected":false},"excerpt":{"rendered":"<p>Pastrim i poreve, ruajtje e balanc\u00ebs s\u00eb sebumit, p\u00ebrmir\u00ebsim i struktur\u00ebs s\u00eb l\u00ebkur\u00ebs.<\/p>","protected":false},"featured_media":963525,"comment_status":"open","ping_status":"closed","template":"","meta":{"_bst_post_transparent":"default","_bst_post_title":"","_bst_post_layout":"default","_bst_post_sidebar_id":"","_bst_post_content_style":"default","_bst_post_vertical_padding":"default","_bst_post_feature":"","_bst_post_feature_position":"","_bst_post_header":false,"_bst_post_footer":false},"product_brand":[],"product_cat":[110],"product_tag":[],"product_brands":[],"class_list":{"0":"post-547092","1":"product","2":"type-product","3":"status-publish","4":"has-post-thumbnail","6":"product_cat-peeling","8":"first","9":"instock","10":"shipping-taxable","11":"purchasable","12":"product-type-simple","13":"entry","14":"content-bg","15":"loop-entry"},"_links":{"self":[{"href":"https:\/\/jm-pharma.net\/en\/wp-json\/wp\/v2\/product\/547092","targetHints":{"allow":["GET"]}}],"collection":[{"href":"https:\/\/jm-pharma.net\/en\/wp-json\/wp\/v2\/product"}],"about":[{"href":"https:\/\/jm-pharma.net\/en\/wp-json\/wp\/v2\/types\/product"}],"replies":[{"embeddable":true,"href":"https:\/\/jm-pharma.net\/en\/wp-json\/wp\/v2\/comments?post=547092"}],"wp:featuredmedia":[{"embeddable":true,"href":"https:\/\/jm-pharma.net\/en\/wp-json\/wp\/v2\/media\/963525"}],"wp:attachment":[{"href":"https:\/\/jm-pharma.net\/en\/wp-json\/wp\/v2\/media?parent=547092"}],"wp:term":[{"taxonomy":"product_brand","embeddable":true,"href":"https:\/\/jm-pharma.net\/en\/wp-json\/wp\/v2\/product_brand?post=547092"},{"taxonomy":"product_cat","embeddable":true,"href":"https:\/\/jm-pharma.net\/en\/wp-json\/wp\/v2\/product_cat?post=547092"},{"taxonomy":"product_tag","embeddable":true,"href":"https:\/\/jm-pharma.net\/en\/wp-json\/wp\/v2\/product_tag?post=547092"},{"taxonomy":"product_brands","embeddable":true,"href":"https:\/\/jm-pharma.net\/en\/wp-json\/wp\/v2\/product_brands?post=547092"}],"curies":[{"name":"wp","href":"https:\/\/api.w.org\/{rel}","templated":true}]}}