{"id":550837,"date":"2025-06-16T18:02:56","date_gmt":"2025-06-16T18:02:56","guid":{"rendered":"https:\/\/jm-pharma.net\/?post_type=product&#038;p=550837"},"modified":"2026-02-10T12:34:08","modified_gmt":"2026-02-10T12:34:08","slug":"timeless-glow-eye-cream-15-ml","status":"publish","type":"product","link":"https:\/\/jm-pharma.net\/en\/product\/timeless-glow-eye-cream-15-ml\/","title":{"rendered":"Timeless Glow Eye Cream"},"content":{"rendered":"<article class=\"text-token-text-primary w-full\" dir=\"auto\" data-testid=\"conversation-turn-58\" data-scroll-anchor=\"true\">\n<div class=\"text-base my-auto mx-auto py-5 [--thread-content-margin:--spacing(4)] @[37rem]:[--thread-content-margin:--spacing(6)] @[72rem]:[--thread-content-margin:--spacing(16)] px-(--thread-content-margin)\">\n<div class=\"[--thread-content-max-width:32rem] @[34rem]:[--thread-content-max-width:40rem] @[64rem]:[--thread-content-max-width:48rem] mx-auto flex max-w-(--thread-content-max-width) flex-1 text-base gap-4 md:gap-5 lg:gap-6 group\/turn-messages focus-visible:outline-hidden\" tabindex=\"-1\">\n<div class=\"group\/conversation-turn relative flex w-full min-w-0 flex-col agent-turn\">\n<div class=\"relative flex-col gap-1 md:gap-3\">\n<div class=\"flex max-w-full flex-col grow\">\n<div class=\"min-h-8 text-message relative flex w-full flex-col items-end gap-2 text-start break-words whitespace-normal [.text-message+&amp;]:mt-5\" dir=\"auto\" data-message-author-role=\"assistant\" data-message-id=\"afd8d3db-9510-40d2-a998-f0bad1c04f03\" data-message-model-slug=\"gpt-4o\">\n<div class=\"flex w-full flex-col gap-1 empty:hidden first:pt-[3px]\">\n<div class=\"markdown prose dark:prose-invert w-full break-words light\">\n<p data-start=\"0\" data-end=\"607\" data-is-last-node=\"\" data-is-only-node=\"\">E formuluar p\u00ebr t\u00eb trajtuar rrath\u00ebt e zinj, linjat e holla dhe humbjen e lag\u00ebshtis\u00eb rreth syve, kjo formul\u00eb e avancuar nj\u00ebtrajt\u00ebson tonin posht\u00eb syve me 3% Acid Traneksamik, nd\u00ebrsa ofron hidratim n\u00eb disa nivele fal\u00eb kompleksit me Acid Hialuronik me 8 madh\u00ebsi t\u00eb ndryshme molekulare. Faktor\u00ebt e Rritjes Bimore mb\u00ebshtesin rigjenerimin e l\u00ebkur\u00ebs; Argireline ndihmon n\u00eb reduktimin e vijave t\u00eb mimik\u00ebs. E pasuruar me p\u00ebrb\u00ebr\u00ebs prebiotik\u00eb dhe postbiotik\u00eb, formula forcon barrier\u00ebn e l\u00ebkur\u00ebs duke mbrojtur mikrobiot\u00ebn natyrale t\u00eb zon\u00ebs s\u00eb syve. Ofron kujdes ideal p\u00ebr nj\u00eb zon\u00eb sysh m\u00eb t\u00eb ndritshme dhe m\u00eb t\u00eb l\u00ebmuar.<\/p>\n<\/div>\n<\/div>\n<\/div>\n<\/div>\n<div class=\"flex min-h-[46px] justify-start\">\n<div class=\"touch:-me-2 touch:-ms-3.5 -ms-2.5 -me-1 flex flex-wrap items-center gap-y-4 p-1 select-none touch:w-[calc(100%+--spacing(3.5))] -mt-1 w-[calc(100%+--spacing(2.5))] duration-[1.5s] focus-within:transition-none hover:transition-none pointer-events-none [mask-image:linear-gradient(to_right,black_33%,transparent_66%)] [mask-size:300%_100%] [mask-position:100%_0%] motion-safe:transition-[mask-position] group-hover\/turn-messages:pointer-events-auto group-hover\/turn-messages:[mask-position:0_0] group-focus-within\/turn-messages:pointer-events-auto group-focus-within\/turn-messages:[mask-position:0_0] has-data-[state=open]:pointer-events-auto has-data-[state=open]:[mask-position:0_0]\"><\/div>\n<\/div>\n<\/div>\n<div class=\"absolute\">\n<div class=\"flex items-center justify-center\"><\/div>\n<\/div>\n<\/div>\n<\/div>\n<\/div>\n<\/article>\n<div class=\"pointer-events-none h-px w-px\" aria-hidden=\"true\" data-edge=\"true\">15ml<\/div>\n","protected":false},"excerpt":{"rendered":"<p>Ndri\u00e7o dhe rinovo zon\u00ebn e syve.<\/p>","protected":false},"featured_media":963316,"comment_status":"open","ping_status":"closed","template":"","meta":{"_bst_post_transparent":"default","_bst_post_title":"","_bst_post_layout":"default","_bst_post_sidebar_id":"","_bst_post_content_style":"default","_bst_post_vertical_padding":"default","_bst_post_feature":"","_bst_post_feature_position":"","_bst_post_header":false,"_bst_post_footer":false},"product_brand":[],"product_cat":[114],"product_tag":[],"product_brands":[],"class_list":{"0":"post-550837","1":"product","2":"type-product","3":"status-publish","4":"has-post-thumbnail","6":"product_cat-kremra","8":"first","9":"instock","10":"shipping-taxable","11":"purchasable","12":"product-type-simple","13":"entry","14":"content-bg","15":"loop-entry"},"_links":{"self":[{"href":"https:\/\/jm-pharma.net\/en\/wp-json\/wp\/v2\/product\/550837","targetHints":{"allow":["GET"]}}],"collection":[{"href":"https:\/\/jm-pharma.net\/en\/wp-json\/wp\/v2\/product"}],"about":[{"href":"https:\/\/jm-pharma.net\/en\/wp-json\/wp\/v2\/types\/product"}],"replies":[{"embeddable":true,"href":"https:\/\/jm-pharma.net\/en\/wp-json\/wp\/v2\/comments?post=550837"}],"wp:featuredmedia":[{"embeddable":true,"href":"https:\/\/jm-pharma.net\/en\/wp-json\/wp\/v2\/media\/963316"}],"wp:attachment":[{"href":"https:\/\/jm-pharma.net\/en\/wp-json\/wp\/v2\/media?parent=550837"}],"wp:term":[{"taxonomy":"product_brand","embeddable":true,"href":"https:\/\/jm-pharma.net\/en\/wp-json\/wp\/v2\/product_brand?post=550837"},{"taxonomy":"product_cat","embeddable":true,"href":"https:\/\/jm-pharma.net\/en\/wp-json\/wp\/v2\/product_cat?post=550837"},{"taxonomy":"product_tag","embeddable":true,"href":"https:\/\/jm-pharma.net\/en\/wp-json\/wp\/v2\/product_tag?post=550837"},{"taxonomy":"product_brands","embeddable":true,"href":"https:\/\/jm-pharma.net\/en\/wp-json\/wp\/v2\/product_brands?post=550837"}],"curies":[{"name":"wp","href":"https:\/\/api.w.org\/{rel}","templated":true}]}}