{"id":599801,"date":"2025-06-16T18:03:00","date_gmt":"2025-06-16T18:03:00","guid":{"rendered":"https:\/\/jm-pharma.net\/?post_type=product&#038;p=599801"},"modified":"2026-02-10T12:26:32","modified_gmt":"2026-02-10T12:26:32","slug":"radiance-reveal-essence-toner-200-ml","status":"publish","type":"product","link":"https:\/\/jm-pharma.net\/en\/product\/radiance-reveal-essence-toner-200-ml\/","title":{"rendered":"Radiance Reveal Essence Toner"},"content":{"rendered":"<p data-start=\"0\" data-end=\"275\">Mb\u00ebshtet q\u00ebndrueshm\u00ebrin\u00eb dhe nj\u00eb pamje me ton t\u00eb nj\u00ebtrajtsh\u00ebm fal\u00eb p\u00ebrmbajtjes prej 60% uj\u00eb orizi. Acidi glikolik pastron l\u00ebkur\u00ebn me efekt t\u00eb but\u00eb eksfoliues. I pasuruar me ekstrakte likoric\u00eb, boronic\u00eb, manaferr\u00eb dhe sheg\u00eb q\u00eb ndihmojn\u00eb n\u00eb parandalimin e formimit t\u00eb njollave.<\/p>\n<p data-start=\"277\" data-end=\"283\" data-is-last-node=\"\" data-is-only-node=\"\">200 ml<\/p>","protected":false},"excerpt":{"rendered":"<ul>\n<li data-start=\"42\" data-end=\"52\">\n<p data-start=\"44\" data-end=\"52\">Njoll\u00eb<\/p>\n<\/li>\n<li data-start=\"53\" data-end=\"61\">\n<p data-start=\"55\" data-end=\"61\">Akne<\/p>\n<\/li>\n<li data-start=\"62\" data-end=\"94\">\n<p data-start=\"64\" data-end=\"94\">Balancimi i tonit t\u00eb l\u00ebkur\u00ebs<\/p>\n<\/li>\n<li data-start=\"95\" data-end=\"116\">\n<p data-start=\"97\" data-end=\"116\">Pastrimi i poreve<\/p>\n<\/li>\n<li data-start=\"117\" data-end=\"157\">\n<p data-start=\"119\" data-end=\"157\">Pastrim dhe \u00e7lirimi nga papast\u00ebrtit\u00eb<\/p>\n<\/li>\n<li data-start=\"158\" data-end=\"180\">\n<p data-start=\"160\" data-end=\"180\">Qet\u00ebsimi i l\u00ebkur\u00ebs<\/p>\n<\/li>\n<li data-start=\"181\" data-end=\"203\">\n<p data-start=\"183\" data-end=\"203\">Ndri\u00e7imi i l\u00ebkur\u00ebs<\/p>\n<\/li>\n<\/ul>","protected":false},"featured_media":963470,"comment_status":"open","ping_status":"closed","template":"","meta":{"_bst_post_transparent":"default","_bst_post_title":"","_bst_post_layout":"default","_bst_post_sidebar_id":"","_bst_post_content_style":"default","_bst_post_vertical_padding":"default","_bst_post_feature":"","_bst_post_feature_position":"","_bst_post_header":false,"_bst_post_footer":false},"product_brand":[],"product_cat":[112],"product_tag":[],"product_brands":[],"class_list":{"0":"post-599801","1":"product","2":"type-product","3":"status-publish","4":"has-post-thumbnail","6":"product_cat-tonike","8":"first","9":"instock","10":"shipping-taxable","11":"purchasable","12":"product-type-simple","13":"entry","14":"content-bg","15":"loop-entry"},"_links":{"self":[{"href":"https:\/\/jm-pharma.net\/en\/wp-json\/wp\/v2\/product\/599801","targetHints":{"allow":["GET"]}}],"collection":[{"href":"https:\/\/jm-pharma.net\/en\/wp-json\/wp\/v2\/product"}],"about":[{"href":"https:\/\/jm-pharma.net\/en\/wp-json\/wp\/v2\/types\/product"}],"replies":[{"embeddable":true,"href":"https:\/\/jm-pharma.net\/en\/wp-json\/wp\/v2\/comments?post=599801"}],"wp:featuredmedia":[{"embeddable":true,"href":"https:\/\/jm-pharma.net\/en\/wp-json\/wp\/v2\/media\/963470"}],"wp:attachment":[{"href":"https:\/\/jm-pharma.net\/en\/wp-json\/wp\/v2\/media?parent=599801"}],"wp:term":[{"taxonomy":"product_brand","embeddable":true,"href":"https:\/\/jm-pharma.net\/en\/wp-json\/wp\/v2\/product_brand?post=599801"},{"taxonomy":"product_cat","embeddable":true,"href":"https:\/\/jm-pharma.net\/en\/wp-json\/wp\/v2\/product_cat?post=599801"},{"taxonomy":"product_tag","embeddable":true,"href":"https:\/\/jm-pharma.net\/en\/wp-json\/wp\/v2\/product_tag?post=599801"},{"taxonomy":"product_brands","embeddable":true,"href":"https:\/\/jm-pharma.net\/en\/wp-json\/wp\/v2\/product_brands?post=599801"}],"curies":[{"name":"wp","href":"https:\/\/api.w.org\/{rel}","templated":true}]}}