{"id":662023,"date":"2025-06-16T18:02:56","date_gmt":"2025-06-16T18:02:56","guid":{"rendered":"https:\/\/jm-pharma.net\/?post_type=product&#038;p=662023"},"modified":"2026-02-10T12:32:37","modified_gmt":"2026-02-10T12:32:37","slug":"aha-12-body-lotion-250-ml","status":"publish","type":"product","link":"https:\/\/jm-pharma.net\/en\/product\/aha-12-body-lotion-250-ml\/","title":{"rendered":"Aha 12% Body Lotion"},"content":{"rendered":"<p>Kjo lotion trupi \u00ebsht\u00eb formuluar me 12% Acid Glikolik p\u00ebr t\u00eb eksfoluar but\u00ebsisht dhe p\u00ebr t\u00eb hidratuar, duke larguar qelizat e vdekura t\u00eb l\u00ebkur\u00ebs dhe duke promovuar nj\u00eb pamje m\u00eb t\u00eb l\u00ebmuar dhe m\u00eb rrezatuese. E pasuruar me p\u00ebrb\u00ebr\u00ebs ushqyes si Squalane, Aloe Vera dhe Ceramide NP, hidraton n\u00eb thell\u00ebsi dhe p\u00ebrmir\u00ebson funksionin mbrojt\u00ebs t\u00eb barrier\u00ebs s\u00eb l\u00ebkur\u00ebs. Me Niacinamide dhe ekstrakt Centella Asiatica, kjo locion ndihmon n\u00eb qet\u00ebsimin dhe ndri\u00e7imin e l\u00ebkur\u00ebs, duke rritur but\u00ebsin\u00eb, elasticitetin dhe rigjenerimin e saj t\u00eb p\u00ebrgjithsh\u00ebm.<\/p>\n<p>250ml<\/p>","protected":false},"excerpt":{"rendered":"<p>Zbulo l\u00ebkur\u00eb t\u00eb but\u00eb dhe t\u00eb l\u00ebmuar si m\u00ebndafshi.<\/p>","protected":false},"featured_media":963521,"comment_status":"open","ping_status":"closed","template":"","meta":{"_bst_post_transparent":"default","_bst_post_title":"","_bst_post_layout":"default","_bst_post_sidebar_id":"","_bst_post_content_style":"default","_bst_post_vertical_padding":"default","_bst_post_feature":"","_bst_post_feature_position":"","_bst_post_header":false,"_bst_post_footer":false},"product_brand":[],"product_cat":[117],"product_tag":[],"product_brands":[],"class_list":{"0":"post-662023","1":"product","2":"type-product","3":"status-publish","4":"has-post-thumbnail","6":"product_cat-losion","8":"first","9":"instock","10":"shipping-taxable","11":"purchasable","12":"product-type-simple","13":"entry","14":"content-bg","15":"loop-entry"},"_links":{"self":[{"href":"https:\/\/jm-pharma.net\/en\/wp-json\/wp\/v2\/product\/662023","targetHints":{"allow":["GET"]}}],"collection":[{"href":"https:\/\/jm-pharma.net\/en\/wp-json\/wp\/v2\/product"}],"about":[{"href":"https:\/\/jm-pharma.net\/en\/wp-json\/wp\/v2\/types\/product"}],"replies":[{"embeddable":true,"href":"https:\/\/jm-pharma.net\/en\/wp-json\/wp\/v2\/comments?post=662023"}],"wp:featuredmedia":[{"embeddable":true,"href":"https:\/\/jm-pharma.net\/en\/wp-json\/wp\/v2\/media\/963521"}],"wp:attachment":[{"href":"https:\/\/jm-pharma.net\/en\/wp-json\/wp\/v2\/media?parent=662023"}],"wp:term":[{"taxonomy":"product_brand","embeddable":true,"href":"https:\/\/jm-pharma.net\/en\/wp-json\/wp\/v2\/product_brand?post=662023"},{"taxonomy":"product_cat","embeddable":true,"href":"https:\/\/jm-pharma.net\/en\/wp-json\/wp\/v2\/product_cat?post=662023"},{"taxonomy":"product_tag","embeddable":true,"href":"https:\/\/jm-pharma.net\/en\/wp-json\/wp\/v2\/product_tag?post=662023"},{"taxonomy":"product_brands","embeddable":true,"href":"https:\/\/jm-pharma.net\/en\/wp-json\/wp\/v2\/product_brands?post=662023"}],"curies":[{"name":"wp","href":"https:\/\/api.w.org\/{rel}","templated":true}]}}