{"id":669033,"date":"2025-06-16T18:02:56","date_gmt":"2025-06-16T18:02:56","guid":{"rendered":"https:\/\/jm-pharma.net\/?post_type=product&#038;p=669033"},"modified":"2026-02-10T12:33:43","modified_gmt":"2026-02-10T12:33:43","slug":"vitamin-c-antioxidant-serum-30-ml","status":"publish","type":"product","link":"https:\/\/jm-pharma.net\/en\/product\/vitamin-c-antioxidant-serum-30-ml\/","title":{"rendered":"Vitamin C Antioxidant Serum"},"content":{"rendered":"<p>Ky serum i avancuar me Vitamin\u00eb C \u00ebsht\u00eb krijuar p\u00ebr t\u00eb luftuar faktor\u00ebt stresues mjedisor dhe p\u00ebr t\u00eb rritur ndri\u00e7imin e l\u00ebkur\u00ebs, duke zbuluar nj\u00eb pamje m\u00eb t\u00eb ndritshme dhe t\u00eb l\u00ebmuar. I formuluar me dy forma t\u00eb Vitamin\u00ebs C, Acid Traneksamik, ekstrakte t\u00eb Liquiric\u00ebs dhe \u00c7ajit Jeshil, ai synon n\u00eb m\u00ebnyr\u00eb specifike nj\u00eb ton jo t\u00eb nj\u00ebtrajtsh\u00ebm t\u00eb l\u00ebkur\u00ebs. I pasuruar me Acid Ferulik dhe Resveratrol, ndihmon n\u00eb ofrimin e mbrojtjes antioksiduese, duke mbrojtur gjithashtu l\u00ebkur\u00ebn nga d\u00ebmtimet e shkaktuara nga drita blu. Formula e tij hidratuese siguron nj\u00eb pamje t\u00eb rigjall\u00ebruar, rrezatuese dhe t\u00eb hidratuar.<\/p>\n<p>30ml<\/p>","protected":false},"excerpt":{"rendered":"<p>Serum me Vitamin\u00eb C, tekstur\u00eb t\u00eb leht\u00eb dhe thithje t\u00eb shpejt\u00eb, pa l\u00ebn\u00eb ndjesi yndyrore.<\/p>","protected":false},"featured_media":963518,"comment_status":"open","ping_status":"closed","template":"","meta":{"_bst_post_transparent":"default","_bst_post_title":"","_bst_post_layout":"default","_bst_post_sidebar_id":"","_bst_post_content_style":"default","_bst_post_vertical_padding":"default","_bst_post_feature":"","_bst_post_feature_position":"","_bst_post_header":false,"_bst_post_footer":false},"product_brand":[],"product_cat":[113],"product_tag":[],"product_brands":[],"class_list":{"0":"post-669033","1":"product","2":"type-product","3":"status-publish","4":"has-post-thumbnail","6":"product_cat-serumet","8":"first","9":"instock","10":"shipping-taxable","11":"purchasable","12":"product-type-simple","13":"entry","14":"content-bg","15":"loop-entry"},"_links":{"self":[{"href":"https:\/\/jm-pharma.net\/en\/wp-json\/wp\/v2\/product\/669033","targetHints":{"allow":["GET"]}}],"collection":[{"href":"https:\/\/jm-pharma.net\/en\/wp-json\/wp\/v2\/product"}],"about":[{"href":"https:\/\/jm-pharma.net\/en\/wp-json\/wp\/v2\/types\/product"}],"replies":[{"embeddable":true,"href":"https:\/\/jm-pharma.net\/en\/wp-json\/wp\/v2\/comments?post=669033"}],"wp:featuredmedia":[{"embeddable":true,"href":"https:\/\/jm-pharma.net\/en\/wp-json\/wp\/v2\/media\/963518"}],"wp:attachment":[{"href":"https:\/\/jm-pharma.net\/en\/wp-json\/wp\/v2\/media?parent=669033"}],"wp:term":[{"taxonomy":"product_brand","embeddable":true,"href":"https:\/\/jm-pharma.net\/en\/wp-json\/wp\/v2\/product_brand?post=669033"},{"taxonomy":"product_cat","embeddable":true,"href":"https:\/\/jm-pharma.net\/en\/wp-json\/wp\/v2\/product_cat?post=669033"},{"taxonomy":"product_tag","embeddable":true,"href":"https:\/\/jm-pharma.net\/en\/wp-json\/wp\/v2\/product_tag?post=669033"},{"taxonomy":"product_brands","embeddable":true,"href":"https:\/\/jm-pharma.net\/en\/wp-json\/wp\/v2\/product_brands?post=669033"}],"curies":[{"name":"wp","href":"https:\/\/api.w.org\/{rel}","templated":true}]}}