{"id":685766,"date":"2025-06-16T18:02:58","date_gmt":"2025-06-16T18:02:58","guid":{"rendered":"https:\/\/jm-pharma.net\/?post_type=product&#038;p=685766"},"modified":"2026-02-10T12:30:42","modified_gmt":"2026-02-10T12:30:42","slug":"pure-touch-cleansing-oil-200-ml","status":"publish","type":"product","link":"https:\/\/jm-pharma.net\/en\/product\/pure-touch-cleansing-oil-200-ml\/","title":{"rendered":"Pure Touch Cleansing Oil"},"content":{"rendered":"<p>Formuluar me nj\u00eb p\u00ebrzierje t\u00eb tet\u00eb vajrave bimore dhe estereve, ky pastrues zbut dhe pastron n\u00eb m\u00ebnyr\u00eb efektive l\u00ebkur\u00ebn, duke larguar papast\u00ebrtit\u00eb dhe grimcat e make-up-it, nd\u00ebrkoh\u00eb q\u00eb p\u00ebrmir\u00ebson shk\u00eblqimin. I kombinuar me Bifida Ferment Lysate dhe l\u00ebng Aloe Vera, ndihmon n\u00eb hidratimin e l\u00ebkur\u00ebs duke l\u00ebn\u00eb nj\u00eb ndjesi freskuese. Kjo formul\u00eb e but\u00eb mb\u00ebshtet l\u00ebkur\u00ebn tuaj p\u00ebr t\u00eb arritur nj\u00eb pamje t\u00eb gjall\u00eb, t\u00eb past\u00ebr dhe t\u00eb ndritshme.<\/p>","protected":false},"excerpt":{"rendered":"<p>Heqje e but\u00eb e papast\u00ebrtive dhe make-up-it, hidratim dhe ushqim i thell\u00eb p\u00ebr l\u00ebkur\u00ebn.<\/p>","protected":false},"featured_media":963501,"comment_status":"open","ping_status":"closed","template":"","meta":{"_bst_post_transparent":"default","_bst_post_title":"","_bst_post_layout":"default","_bst_post_sidebar_id":"","_bst_post_content_style":"default","_bst_post_vertical_padding":"default","_bst_post_feature":"","_bst_post_feature_position":"","_bst_post_header":false,"_bst_post_footer":false},"product_brand":[],"product_cat":[111],"product_tag":[],"product_brands":[],"class_list":{"0":"post-685766","1":"product","2":"type-product","3":"status-publish","4":"has-post-thumbnail","6":"product_cat-pastrues-fytyre","8":"first","9":"instock","10":"shipping-taxable","11":"purchasable","12":"product-type-simple","13":"entry","14":"content-bg","15":"loop-entry"},"_links":{"self":[{"href":"https:\/\/jm-pharma.net\/en\/wp-json\/wp\/v2\/product\/685766","targetHints":{"allow":["GET"]}}],"collection":[{"href":"https:\/\/jm-pharma.net\/en\/wp-json\/wp\/v2\/product"}],"about":[{"href":"https:\/\/jm-pharma.net\/en\/wp-json\/wp\/v2\/types\/product"}],"replies":[{"embeddable":true,"href":"https:\/\/jm-pharma.net\/en\/wp-json\/wp\/v2\/comments?post=685766"}],"wp:featuredmedia":[{"embeddable":true,"href":"https:\/\/jm-pharma.net\/en\/wp-json\/wp\/v2\/media\/963501"}],"wp:attachment":[{"href":"https:\/\/jm-pharma.net\/en\/wp-json\/wp\/v2\/media?parent=685766"}],"wp:term":[{"taxonomy":"product_brand","embeddable":true,"href":"https:\/\/jm-pharma.net\/en\/wp-json\/wp\/v2\/product_brand?post=685766"},{"taxonomy":"product_cat","embeddable":true,"href":"https:\/\/jm-pharma.net\/en\/wp-json\/wp\/v2\/product_cat?post=685766"},{"taxonomy":"product_tag","embeddable":true,"href":"https:\/\/jm-pharma.net\/en\/wp-json\/wp\/v2\/product_tag?post=685766"},{"taxonomy":"product_brands","embeddable":true,"href":"https:\/\/jm-pharma.net\/en\/wp-json\/wp\/v2\/product_brands?post=685766"}],"curies":[{"name":"wp","href":"https:\/\/api.w.org\/{rel}","templated":true}]}}