{"id":695843,"date":"2025-06-16T18:02:56","date_gmt":"2025-06-16T18:02:56","guid":{"rendered":"https:\/\/jm-pharma.net\/?post_type=product&#038;p=695843"},"modified":"2026-02-10T12:33:07","modified_gmt":"2026-02-10T12:33:07","slug":"50-spf-blemish-defense-sunscreen-50-ml","status":"publish","type":"product","link":"https:\/\/jm-pharma.net\/en\/product\/50-spf-blemish-defense-sunscreen-50-ml\/","title":{"rendered":"50 SPF+ Blemish Defense Sunscreen"},"content":{"rendered":"<p>Jo vet\u00ebm q\u00eb ofron mbrojtje nga dielli, por edhe ushqen l\u00ebkur\u00ebn me prebiotik\u00eb dhe postbiotik\u00eb q\u00eb forcojn\u00eb barrier\u00ebn e l\u00ebkur\u00ebs. Formula e tij, e pasuruar me antioksidant\u00eb si ekstraktet e \u00c7ajit Jeshil dhe Ginsengut, mbron l\u00ebkur\u00ebn nga faktor\u00ebt mjedisor\u00eb dhe p\u00ebrmir\u00ebson elasticitetin. Kompleksi me Acid Hialuronik siguron hidratim t\u00eb thell\u00eb p\u00ebr l\u00ebkur\u00ebn.<\/p>\n<p>50ml<\/p>","protected":false},"excerpt":{"rendered":"<p>Ndri\u00e7imi i l\u00ebkur\u00ebs.<\/p>","protected":false},"featured_media":963516,"comment_status":"open","ping_status":"closed","template":"","meta":{"_bst_post_transparent":"default","_bst_post_title":"","_bst_post_layout":"default","_bst_post_sidebar_id":"","_bst_post_content_style":"default","_bst_post_vertical_padding":"default","_bst_post_feature":"","_bst_post_feature_position":"","_bst_post_header":false,"_bst_post_footer":false},"product_brand":[],"product_cat":[116],"product_tag":[],"product_brands":[],"class_list":{"0":"post-695843","1":"product","2":"type-product","3":"status-publish","4":"has-post-thumbnail","6":"product_cat-mbrojtje-nga-dielli","8":"first","9":"instock","10":"shipping-taxable","11":"purchasable","12":"product-type-simple","13":"entry","14":"content-bg","15":"loop-entry"},"_links":{"self":[{"href":"https:\/\/jm-pharma.net\/en\/wp-json\/wp\/v2\/product\/695843","targetHints":{"allow":["GET"]}}],"collection":[{"href":"https:\/\/jm-pharma.net\/en\/wp-json\/wp\/v2\/product"}],"about":[{"href":"https:\/\/jm-pharma.net\/en\/wp-json\/wp\/v2\/types\/product"}],"replies":[{"embeddable":true,"href":"https:\/\/jm-pharma.net\/en\/wp-json\/wp\/v2\/comments?post=695843"}],"wp:featuredmedia":[{"embeddable":true,"href":"https:\/\/jm-pharma.net\/en\/wp-json\/wp\/v2\/media\/963516"}],"wp:attachment":[{"href":"https:\/\/jm-pharma.net\/en\/wp-json\/wp\/v2\/media?parent=695843"}],"wp:term":[{"taxonomy":"product_brand","embeddable":true,"href":"https:\/\/jm-pharma.net\/en\/wp-json\/wp\/v2\/product_brand?post=695843"},{"taxonomy":"product_cat","embeddable":true,"href":"https:\/\/jm-pharma.net\/en\/wp-json\/wp\/v2\/product_cat?post=695843"},{"taxonomy":"product_tag","embeddable":true,"href":"https:\/\/jm-pharma.net\/en\/wp-json\/wp\/v2\/product_tag?post=695843"},{"taxonomy":"product_brands","embeddable":true,"href":"https:\/\/jm-pharma.net\/en\/wp-json\/wp\/v2\/product_brands?post=695843"}],"curies":[{"name":"wp","href":"https:\/\/api.w.org\/{rel}","templated":true}]}}