{"id":774671,"date":"2025-06-16T18:03:01","date_gmt":"2025-06-16T18:03:01","guid":{"rendered":"https:\/\/jm-pharma.net\/?post_type=product&#038;p=774671"},"modified":"2026-02-10T12:23:21","modified_gmt":"2026-02-10T12:23:21","slug":"alpha-bright-serum-30-ml","status":"publish","type":"product","link":"https:\/\/jm-pharma.net\/en\/product\/alpha-bright-serum-30-ml\/","title":{"rendered":"Alpha Bright Serum"},"content":{"rendered":"<p data-start=\"24\" data-end=\"403\">Transformoni rutin\u00ebn tuaj t\u00eb bukuris\u00eb me Serumin Alpha Arbutin Brightening, Kund\u00ebr Njollave t\u00eb Err\u00ebta dhe P\u00ebrbar\u00ebsues t\u00eb Tonit t\u00eb L\u00ebkur\u00ebs. Ky serum inovativ p\u00ebr l\u00ebkur\u00ebn synon njollat e err\u00ebta dhe pabarazit\u00eb n\u00eb tonin e l\u00ebkur\u00ebs, duke zbuluar rrezatimin natyral t\u00eb saj. I formuluar me p\u00ebrb\u00ebr\u00ebs t\u00eb fuqish\u00ebm si Uj\u00eb Orizi dhe Acidi Traneksamik, ai ofron kujdesin q\u00eb l\u00ebkura juaj ka nevoj\u00eb.<\/p>\n<p data-start=\"405\" data-end=\"410\" data-is-last-node=\"\" data-is-only-node=\"\">30 ml<\/p>","protected":false},"excerpt":{"rendered":"<p>I p\u00ebrshtatsh\u00ebm p\u00ebr t\u00eb gjitha llojet e l\u00ebkur\u00ebs, p\u00ebrfshir\u00eb edhe l\u00ebkur\u00ebn e ndjeshme, fal\u00eb vetive t\u00eb tij ndri\u00e7uese dhe ushqyese.<\/p>","protected":false},"featured_media":963461,"comment_status":"open","ping_status":"closed","template":"","meta":{"_bst_post_transparent":"default","_bst_post_title":"","_bst_post_layout":"default","_bst_post_sidebar_id":"","_bst_post_content_style":"default","_bst_post_vertical_padding":"default","_bst_post_feature":"","_bst_post_feature_position":"","_bst_post_header":false,"_bst_post_footer":false},"product_brand":[],"product_cat":[113],"product_tag":[],"product_brands":[],"class_list":{"0":"post-774671","1":"product","2":"type-product","3":"status-publish","4":"has-post-thumbnail","6":"product_cat-serumet","8":"first","9":"instock","10":"shipping-taxable","11":"purchasable","12":"product-type-simple","13":"entry","14":"content-bg","15":"loop-entry"},"_links":{"self":[{"href":"https:\/\/jm-pharma.net\/en\/wp-json\/wp\/v2\/product\/774671","targetHints":{"allow":["GET"]}}],"collection":[{"href":"https:\/\/jm-pharma.net\/en\/wp-json\/wp\/v2\/product"}],"about":[{"href":"https:\/\/jm-pharma.net\/en\/wp-json\/wp\/v2\/types\/product"}],"replies":[{"embeddable":true,"href":"https:\/\/jm-pharma.net\/en\/wp-json\/wp\/v2\/comments?post=774671"}],"wp:featuredmedia":[{"embeddable":true,"href":"https:\/\/jm-pharma.net\/en\/wp-json\/wp\/v2\/media\/963461"}],"wp:attachment":[{"href":"https:\/\/jm-pharma.net\/en\/wp-json\/wp\/v2\/media?parent=774671"}],"wp:term":[{"taxonomy":"product_brand","embeddable":true,"href":"https:\/\/jm-pharma.net\/en\/wp-json\/wp\/v2\/product_brand?post=774671"},{"taxonomy":"product_cat","embeddable":true,"href":"https:\/\/jm-pharma.net\/en\/wp-json\/wp\/v2\/product_cat?post=774671"},{"taxonomy":"product_tag","embeddable":true,"href":"https:\/\/jm-pharma.net\/en\/wp-json\/wp\/v2\/product_tag?post=774671"},{"taxonomy":"product_brands","embeddable":true,"href":"https:\/\/jm-pharma.net\/en\/wp-json\/wp\/v2\/product_brands?post=774671"}],"curies":[{"name":"wp","href":"https:\/\/api.w.org\/{rel}","templated":true}]}}