{"id":775679,"date":"2025-06-16T18:02:59","date_gmt":"2025-06-16T18:02:59","guid":{"rendered":"https:\/\/jm-pharma.net\/?post_type=product&#038;p=775679"},"modified":"2026-02-10T12:28:55","modified_gmt":"2026-02-10T12:28:55","slug":"barrier-reform-serum-30-ml","status":"publish","type":"product","link":"https:\/\/jm-pharma.net\/en\/product\/barrier-reform-serum-30-ml\/","title":{"rendered":"Barrier Reform Serum"},"content":{"rendered":"<p data-start=\"70\" data-end=\"424\"><strong data-start=\"70\" data-end=\"162\">Formuluar me Ekstrakt Xhinsengu, Acid Hialuronik dhe Beta-Glukan p\u00ebr hidratim t\u00eb thell\u00eb.<\/strong> I pasuruar me Peptide dhe Faktorin Botanik t\u00eb Rritjes Epidermale, ndihmon n\u00eb mb\u00ebshtetjen e barrier\u00ebs s\u00eb l\u00ebkur\u00ebs dhe mbrojtjen kund\u00ebr shenjave t\u00eb plakjes. Kjo p\u00ebrzierje e p\u00ebrb\u00ebr\u00ebsve botanik\u00eb dhe p\u00ebrb\u00ebr\u00ebsve inovativ\u00eb promovon nj\u00eb ten t\u00eb ekuilibruar dhe rrezatues.<\/p>\n<p data-start=\"426\" data-end=\"435\" data-is-last-node=\"\" data-is-only-node=\"\"><strong data-start=\"426\" data-end=\"435\" data-is-last-node=\"\">30 ml<\/strong><\/p>","protected":false},"excerpt":{"rendered":"<p><strong data-start=\"57\" data-end=\"96\">Kund\u00ebr rrudhave dhe vijave t\u00eb holla<\/strong>, ndihmon rigjenerimin, forcon barrier\u00ebn, rrit q\u00ebndrueshm\u00ebrin\u00eb, p\u00ebrmir\u00ebson struktur\u00ebn dhe ofron mbrojtje anti-plakje.<\/p>","protected":false},"featured_media":963548,"comment_status":"open","ping_status":"closed","template":"","meta":{"_bst_post_transparent":"default","_bst_post_title":"","_bst_post_layout":"default","_bst_post_sidebar_id":"","_bst_post_content_style":"default","_bst_post_vertical_padding":"default","_bst_post_feature":"","_bst_post_feature_position":"","_bst_post_header":false,"_bst_post_footer":false},"product_brand":[],"product_cat":[113],"product_tag":[],"product_brands":[],"class_list":{"0":"post-775679","1":"product","2":"type-product","3":"status-publish","4":"has-post-thumbnail","6":"product_cat-serumet","8":"first","9":"instock","10":"shipping-taxable","11":"purchasable","12":"product-type-simple","13":"entry","14":"content-bg","15":"loop-entry"},"_links":{"self":[{"href":"https:\/\/jm-pharma.net\/en\/wp-json\/wp\/v2\/product\/775679","targetHints":{"allow":["GET"]}}],"collection":[{"href":"https:\/\/jm-pharma.net\/en\/wp-json\/wp\/v2\/product"}],"about":[{"href":"https:\/\/jm-pharma.net\/en\/wp-json\/wp\/v2\/types\/product"}],"replies":[{"embeddable":true,"href":"https:\/\/jm-pharma.net\/en\/wp-json\/wp\/v2\/comments?post=775679"}],"wp:featuredmedia":[{"embeddable":true,"href":"https:\/\/jm-pharma.net\/en\/wp-json\/wp\/v2\/media\/963548"}],"wp:attachment":[{"href":"https:\/\/jm-pharma.net\/en\/wp-json\/wp\/v2\/media?parent=775679"}],"wp:term":[{"taxonomy":"product_brand","embeddable":true,"href":"https:\/\/jm-pharma.net\/en\/wp-json\/wp\/v2\/product_brand?post=775679"},{"taxonomy":"product_cat","embeddable":true,"href":"https:\/\/jm-pharma.net\/en\/wp-json\/wp\/v2\/product_cat?post=775679"},{"taxonomy":"product_tag","embeddable":true,"href":"https:\/\/jm-pharma.net\/en\/wp-json\/wp\/v2\/product_tag?post=775679"},{"taxonomy":"product_brands","embeddable":true,"href":"https:\/\/jm-pharma.net\/en\/wp-json\/wp\/v2\/product_brands?post=775679"}],"curies":[{"name":"wp","href":"https:\/\/api.w.org\/{rel}","templated":true}]}}