{"id":776912,"date":"2025-06-16T18:02:57","date_gmt":"2025-06-16T18:02:57","guid":{"rendered":"https:\/\/jm-pharma.net\/?post_type=product&#038;p=776912"},"modified":"2026-02-10T12:32:05","modified_gmt":"2026-02-10T12:32:05","slug":"hydra-repair-sleeping-mask-100-ml","status":"publish","type":"product","link":"https:\/\/jm-pharma.net\/en\/product\/hydra-repair-sleeping-mask-100-ml\/","title":{"rendered":"Hydra &#8211; Repair Sleeping Mask"},"content":{"rendered":"<p>E formuluar p\u00ebr t\u00eb mb\u00ebshtetur rigjenerimin e l\u00ebkur\u00ebs gjat\u00eb nat\u00ebs, kjo Mask\u00eb Nate \u00ebsht\u00eb e pasuruar me ekstrakte t\u00eb fuqishme bimore dhe faktor\u00eb natyral\u00eb hidratues. Me Centella Asiatica dhe Ekstrakt Ginseng-u, ndihmon n\u00eb rigjall\u00ebrimin dhe freskimin e l\u00ebkur\u00ebs. E p\u00ebrforcuar me acide hialuronike me madh\u00ebsi t\u00eb ndryshme molekulare dhe vitaminat B5 dhe B3, ofron hidratim t\u00eb thell\u00eb dhe sip\u00ebrfaq\u00ebsor. E p\u00ebrshtatshme edhe p\u00ebr p\u00ebrdorim gjat\u00eb dit\u00ebs p\u00ebr nj\u00eb efekt freskues t\u00eb menj\u00ebhersh\u00ebm, ose gjat\u00eb nat\u00ebs si trajtim intensiv p\u00ebr hidratim, ushqim dhe riparim t\u00eb barrier\u00ebs s\u00eb l\u00ebkur\u00ebs.<\/p>\n<p>100ml<\/p>","protected":false},"excerpt":{"rendered":"<p>Ndri\u00e7im i l\u00ebkur\u00ebs, hidratim i thell\u00eb i l\u00ebkur\u00ebs, mbrojtje kund\u00ebr plakjes dhe antioksiduese.<\/p>","protected":false},"featured_media":963504,"comment_status":"open","ping_status":"closed","template":"","meta":{"_bst_post_transparent":"default","_bst_post_title":"","_bst_post_layout":"default","_bst_post_sidebar_id":"","_bst_post_content_style":"default","_bst_post_vertical_padding":"default","_bst_post_feature":"","_bst_post_feature_position":"","_bst_post_header":false,"_bst_post_footer":false},"product_brand":[],"product_cat":[115],"product_tag":[],"product_brands":[],"class_list":{"0":"post-776912","1":"product","2":"type-product","3":"status-publish","4":"has-post-thumbnail","6":"product_cat-maske","8":"first","9":"instock","10":"shipping-taxable","11":"purchasable","12":"product-type-simple","13":"entry","14":"content-bg","15":"loop-entry"},"_links":{"self":[{"href":"https:\/\/jm-pharma.net\/en\/wp-json\/wp\/v2\/product\/776912","targetHints":{"allow":["GET"]}}],"collection":[{"href":"https:\/\/jm-pharma.net\/en\/wp-json\/wp\/v2\/product"}],"about":[{"href":"https:\/\/jm-pharma.net\/en\/wp-json\/wp\/v2\/types\/product"}],"replies":[{"embeddable":true,"href":"https:\/\/jm-pharma.net\/en\/wp-json\/wp\/v2\/comments?post=776912"}],"wp:featuredmedia":[{"embeddable":true,"href":"https:\/\/jm-pharma.net\/en\/wp-json\/wp\/v2\/media\/963504"}],"wp:attachment":[{"href":"https:\/\/jm-pharma.net\/en\/wp-json\/wp\/v2\/media?parent=776912"}],"wp:term":[{"taxonomy":"product_brand","embeddable":true,"href":"https:\/\/jm-pharma.net\/en\/wp-json\/wp\/v2\/product_brand?post=776912"},{"taxonomy":"product_cat","embeddable":true,"href":"https:\/\/jm-pharma.net\/en\/wp-json\/wp\/v2\/product_cat?post=776912"},{"taxonomy":"product_tag","embeddable":true,"href":"https:\/\/jm-pharma.net\/en\/wp-json\/wp\/v2\/product_tag?post=776912"},{"taxonomy":"product_brands","embeddable":true,"href":"https:\/\/jm-pharma.net\/en\/wp-json\/wp\/v2\/product_brands?post=776912"}],"curies":[{"name":"wp","href":"https:\/\/api.w.org\/{rel}","templated":true}]}}