{"id":956979,"date":"2025-06-16T18:02:56","date_gmt":"2025-06-16T18:02:56","guid":{"rendered":"https:\/\/jm-pharma.net\/?post_type=product&#038;p=956979"},"modified":"2026-02-10T12:33:22","modified_gmt":"2026-02-10T12:33:22","slug":"50-spf-multi-defense-sunscreen-50-ml","status":"publish","type":"product","link":"https:\/\/jm-pharma.net\/en\/product\/50-spf-multi-defense-sunscreen-50-ml\/","title":{"rendered":"50 SPF+ Multi Defense Sunscreen"},"content":{"rendered":"<p data-start=\"0\" data-end=\"165\">Ky krem dielli jo vet\u00ebm q\u00eb ofron mbrojtje, por edhe ushqen dhe hidraton l\u00ebkur\u00ebn tuaj. Kompleksi me Acid Hialuronik siguron hidratim t\u00eb thell\u00eb dhe parandalon tharjen.<\/p>\n<p data-start=\"167\" data-end=\"172\" data-is-last-node=\"\" data-is-only-node=\"\">50 ml<\/p>","protected":false},"excerpt":{"rendered":"<p>Mbrojtje e fuqishme e l\u00ebkur\u00ebs nga dielli dhe ndikimet e jashtme<\/p>","protected":false},"featured_media":963513,"comment_status":"open","ping_status":"closed","template":"","meta":{"_bst_post_transparent":"default","_bst_post_title":"","_bst_post_layout":"default","_bst_post_sidebar_id":"","_bst_post_content_style":"default","_bst_post_vertical_padding":"default","_bst_post_feature":"","_bst_post_feature_position":"","_bst_post_header":false,"_bst_post_footer":false},"product_brand":[],"product_cat":[116],"product_tag":[],"product_brands":[],"class_list":{"0":"post-956979","1":"product","2":"type-product","3":"status-publish","4":"has-post-thumbnail","6":"product_cat-mbrojtje-nga-dielli","8":"first","9":"instock","10":"shipping-taxable","11":"purchasable","12":"product-type-simple","13":"entry","14":"content-bg","15":"loop-entry"},"_links":{"self":[{"href":"https:\/\/jm-pharma.net\/en\/wp-json\/wp\/v2\/product\/956979","targetHints":{"allow":["GET"]}}],"collection":[{"href":"https:\/\/jm-pharma.net\/en\/wp-json\/wp\/v2\/product"}],"about":[{"href":"https:\/\/jm-pharma.net\/en\/wp-json\/wp\/v2\/types\/product"}],"replies":[{"embeddable":true,"href":"https:\/\/jm-pharma.net\/en\/wp-json\/wp\/v2\/comments?post=956979"}],"wp:featuredmedia":[{"embeddable":true,"href":"https:\/\/jm-pharma.net\/en\/wp-json\/wp\/v2\/media\/963513"}],"wp:attachment":[{"href":"https:\/\/jm-pharma.net\/en\/wp-json\/wp\/v2\/media?parent=956979"}],"wp:term":[{"taxonomy":"product_brand","embeddable":true,"href":"https:\/\/jm-pharma.net\/en\/wp-json\/wp\/v2\/product_brand?post=956979"},{"taxonomy":"product_cat","embeddable":true,"href":"https:\/\/jm-pharma.net\/en\/wp-json\/wp\/v2\/product_cat?post=956979"},{"taxonomy":"product_tag","embeddable":true,"href":"https:\/\/jm-pharma.net\/en\/wp-json\/wp\/v2\/product_tag?post=956979"},{"taxonomy":"product_brands","embeddable":true,"href":"https:\/\/jm-pharma.net\/en\/wp-json\/wp\/v2\/product_brands?post=956979"}],"curies":[{"name":"wp","href":"https:\/\/api.w.org\/{rel}","templated":true}]}}