{"id":963306,"date":"2025-06-16T18:02:57","date_gmt":"2025-06-16T18:02:57","guid":{"rendered":"https:\/\/jm-pharma.net\/?post_type=product&#038;p=963306"},"modified":"2026-02-10T12:32:21","modified_gmt":"2026-02-10T12:32:21","slug":"cicacalm-color-correcting-cream-30-ml-light-20-spf","status":"publish","type":"product","link":"https:\/\/jm-pharma.net\/en\/product\/cicacalm-color-correcting-cream-30-ml-light-20-spf\/","title":{"rendered":"Cicacalm Color Correcting Cream Light 20 SPF"},"content":{"rendered":"<p data-start=\"0\" data-end=\"419\">Cicacalm Color Correcting Cream Light \u00ebsht\u00eb krijuar p\u00ebr t\u00eb nj\u00ebtrajt\u00ebsuar tonin e l\u00ebkur\u00ebs dhe p\u00ebr t\u00eb ofruar nj\u00eb pamje natyrale. Pigmenti i gjelb\u00ebr p\u00ebrshtatet me tonin e l\u00ebkur\u00ebs gjat\u00eb aplikimit, duke ndihmuar n\u00eb krijimin e nj\u00eb ngjyre m\u00eb t\u00eb but\u00eb dhe t\u00eb baraspeshuar. P\u00ebrmbajtja me Centella Asiatica qet\u00ebson l\u00ebkur\u00ebn dhe forcon barrier\u00ebn e saj, duke reduktuar skuqjen dhe njollat, p\u00ebr nj\u00eb pamje m\u00eb t\u00eb balancuar dhe natyrale.<\/p>\n<p data-start=\"421\" data-end=\"426\" data-is-last-node=\"\" data-is-only-node=\"\">30 ml<\/p>","protected":false},"excerpt":{"rendered":"<p>Nj\u00ebtrajt\u00ebsim i tonit t\u00eb l\u00ebkur\u00ebs.<\/p>","protected":false},"featured_media":963510,"comment_status":"open","ping_status":"closed","template":"","meta":{"_bst_post_transparent":"default","_bst_post_title":"","_bst_post_layout":"default","_bst_post_sidebar_id":"","_bst_post_content_style":"default","_bst_post_vertical_padding":"default","_bst_post_feature":"","_bst_post_feature_position":"","_bst_post_header":false,"_bst_post_footer":false},"product_brand":[],"product_cat":[114],"product_tag":[],"product_brands":[],"class_list":{"0":"post-963306","1":"product","2":"type-product","3":"status-publish","4":"has-post-thumbnail","6":"product_cat-kremra","8":"first","9":"instock","10":"shipping-taxable","11":"purchasable","12":"product-type-simple","13":"entry","14":"content-bg","15":"loop-entry"},"_links":{"self":[{"href":"https:\/\/jm-pharma.net\/en\/wp-json\/wp\/v2\/product\/963306","targetHints":{"allow":["GET"]}}],"collection":[{"href":"https:\/\/jm-pharma.net\/en\/wp-json\/wp\/v2\/product"}],"about":[{"href":"https:\/\/jm-pharma.net\/en\/wp-json\/wp\/v2\/types\/product"}],"replies":[{"embeddable":true,"href":"https:\/\/jm-pharma.net\/en\/wp-json\/wp\/v2\/comments?post=963306"}],"wp:featuredmedia":[{"embeddable":true,"href":"https:\/\/jm-pharma.net\/en\/wp-json\/wp\/v2\/media\/963510"}],"wp:attachment":[{"href":"https:\/\/jm-pharma.net\/en\/wp-json\/wp\/v2\/media?parent=963306"}],"wp:term":[{"taxonomy":"product_brand","embeddable":true,"href":"https:\/\/jm-pharma.net\/en\/wp-json\/wp\/v2\/product_brand?post=963306"},{"taxonomy":"product_cat","embeddable":true,"href":"https:\/\/jm-pharma.net\/en\/wp-json\/wp\/v2\/product_cat?post=963306"},{"taxonomy":"product_tag","embeddable":true,"href":"https:\/\/jm-pharma.net\/en\/wp-json\/wp\/v2\/product_tag?post=963306"},{"taxonomy":"product_brands","embeddable":true,"href":"https:\/\/jm-pharma.net\/en\/wp-json\/wp\/v2\/product_brands?post=963306"}],"curies":[{"name":"wp","href":"https:\/\/api.w.org\/{rel}","templated":true}]}}