{"id":963313,"date":"2025-06-19T14:57:46","date_gmt":"2025-06-19T14:57:46","guid":{"rendered":"https:\/\/jm-pharma.net\/?post_type=product&#038;p=963313"},"modified":"2026-02-10T12:22:13","modified_gmt":"2026-02-10T12:22:13","slug":"even-skin-tone-kit","status":"publish","type":"product","link":"https:\/\/jm-pharma.net\/en\/product\/even-skin-tone-kit\/","title":{"rendered":"Even Skin Tone Kit"},"content":{"rendered":"<article class=\"text-token-text-primary w-full\" dir=\"auto\" data-testid=\"conversation-turn-8\" data-scroll-anchor=\"true\">\n<div class=\"text-base my-auto mx-auto py-5 [--thread-content-margin:--spacing(4)] @[37rem]:[--thread-content-margin:--spacing(6)] @[72rem]:[--thread-content-margin:--spacing(16)] px-(--thread-content-margin)\">\n<div class=\"[--thread-content-max-width:32rem] @[34rem]:[--thread-content-max-width:40rem] @[64rem]:[--thread-content-max-width:48rem] mx-auto flex max-w-(--thread-content-max-width) flex-1 text-base gap-4 md:gap-5 lg:gap-6 group\/turn-messages focus-visible:outline-hidden\" tabindex=\"-1\">\n<div class=\"group\/conversation-turn relative flex w-full min-w-0 flex-col agent-turn\">\n<div class=\"relative flex-col gap-1 md:gap-3\">\n<div class=\"flex max-w-full flex-col grow\">\n<div class=\"min-h-8 text-message relative flex w-full flex-col items-end gap-2 text-start break-words whitespace-normal [.text-message+&amp;]:mt-5\" dir=\"auto\" data-message-author-role=\"assistant\" data-message-id=\"80416c7e-705c-4db6-87b8-09d32dff0b6e\" data-message-model-slug=\"gpt-4o\">\n<div class=\"flex w-full flex-col gap-1 empty:hidden first:pt-[3px]\">\n<div class=\"markdown prose dark:prose-invert w-full break-words light\">\n<p data-start=\"68\" data-end=\"607\"><strong data-start=\"68\" data-end=\"148\">Toner p\u00ebr Rindritje Rrezatimi: Ndri\u00e7oni L\u00ebkur\u00ebn Tuaj me Rrezatimin e Natyr\u00ebs<\/strong><br data-start=\"148\" data-end=\"151\" \/>I formuluar p\u00ebr t\u00eb nxjerr\u00eb n\u00eb pah rrezatimin natyral t\u00eb l\u00ebkur\u00ebs suaj me \u00e7do pik\u00eb, ky toner p\u00ebrmban 60% uj\u00eb orizi p\u00ebr t\u00eb rifreskuar dhe ndri\u00e7uar l\u00ebkur\u00ebn. Acidi Glikolik ndihmon n\u00eb rigjenerimin e l\u00ebkur\u00ebs p\u00ebrmes nj\u00eb eksfolimi t\u00eb but\u00eb, nd\u00ebrsa formula e pasuruar me ekstrakte t\u00eb likoric\u00ebs, boronic\u00ebs, manaferr\u00ebs dhe sheg\u00ebs ndihmon n\u00eb parandalimin e njollave. Zbulon rrezatimin natyral t\u00eb l\u00ebkur\u00ebs duke i dh\u00ebn\u00eb nj\u00eb pamje m\u00eb t\u00eb ndritshme, t\u00eb gjall\u00eb dhe t\u00eb fresk\u00ebt.<\/p>\n<hr data-start=\"609\" data-end=\"612\" \/>\n<p data-start=\"614\" data-end=\"1085\"><strong data-start=\"614\" data-end=\"683\">Serum Ndri\u00e7ues Alpha-Lightening: Ndri\u00e7oni L\u00ebkur\u00ebn Tuaj nga Brenda<\/strong><br data-start=\"683\" data-end=\"686\" \/>Formuluar me 30% oriz p\u00ebr t\u00eb mb\u00ebshtetur bukurin\u00eb natyrale t\u00eb l\u00ebkur\u00ebs dhe p\u00ebr t\u00eb luftuar pabarazit\u00eb n\u00eb tonin e saj. P\u00ebrb\u00ebr\u00ebsit e fuqish\u00ebm si Acidi Traneksamik, Alpha-Arbutin dhe Tranexamoyl Dipeptide-23 ndihmojn\u00eb n\u00eb barazimin e tonit t\u00eb l\u00ebkur\u00ebs. I pasuruar me ekstrakt rr\u00ebnje likoric\u00eb, ekstrakt orizi t\u00eb fermentuar dhe boronic\u00eb, kjo formul\u00eb ndihmon q\u00eb l\u00ebkura juaj t\u00eb duket e ndritshme dhe rrezatuese.<\/p>\n<hr data-start=\"1087\" data-end=\"1090\" \/>\n<p data-start=\"1092\" data-end=\"1651\"><strong data-start=\"1092\" data-end=\"1174\">Krem Kund\u00ebr Njollave t\u00eb Theksuara: Zbuloni L\u00ebkur\u00eb t\u00eb Past\u00ebr dhe t\u00eb Sh\u00ebndetshme<\/strong><br data-start=\"1174\" data-end=\"1177\" \/>Formula e avancuar me 60% uj\u00eb orizi lufton pap\u00ebrsosm\u00ebrit\u00eb e l\u00ebkur\u00ebs duke ofruar nj\u00ebkoh\u00ebsisht hidratim dhe mbrojtje antioksidante kund\u00ebr shenjave t\u00eb plakjes. Alpha-Arbutin, Acidi Traneksamik dhe Diacetyl Boldine ofrojn\u00eb mbrojtje efektive kund\u00ebr paraqitjes s\u00eb njollave. E pasuruar me nj\u00eb p\u00ebrzierje t\u00eb fuqishme ekstrakti rr\u00ebnje likoric\u00eb, l\u00ebngu i Aloe Ver\u00ebs dhe ekstrakte t\u00eb sheg\u00ebs, formula i jep l\u00ebkur\u00ebs nj\u00eb pamje rrezatuese dhe ndri\u00e7uese, duke theksuar bukurin\u00eb tuaj natyrale.<\/p>\n<\/div>\n<\/div>\n<\/div>\n<\/div>\n<div class=\"flex min-h-[46px] justify-start\">\n<div class=\"touch:-me-2 touch:-ms-3.5 -ms-2.5 -me-1 flex flex-wrap items-center gap-y-4 p-1 select-none touch:w-[calc(100%+--spacing(3.5))] -mt-1 w-[calc(100%+--spacing(2.5))] duration-[1.5s] focus-within:transition-none hover:transition-none pointer-events-none [mask-image:linear-gradient(to_right,black_33%,transparent_66%)] [mask-size:300%_100%] [mask-position:100%_0%] motion-safe:transition-[mask-position] group-hover\/turn-messages:pointer-events-auto group-hover\/turn-messages:[mask-position:0_0] group-focus-within\/turn-messages:pointer-events-auto group-focus-within\/turn-messages:[mask-position:0_0] has-data-[state=open]:pointer-events-auto has-data-[state=open]:[mask-position:0_0]\"><\/div>\n<\/div>\n<\/div>\n<div class=\"absolute\">\n<div class=\"flex items-center justify-center\"><\/div>\n<\/div>\n<\/div>\n<\/div>\n<\/div>\n<\/article>\n<div class=\"pointer-events-none h-px w-px\" aria-hidden=\"true\" data-edge=\"true\"><\/div>\n","protected":false},"excerpt":{"rendered":"<p>3 HAPA P\u00cbR T\u00cb ZBULUAR SHK\u00cbLQIMIN TUAJ NATYRAL<\/p>","protected":false},"featured_media":963567,"comment_status":"open","ping_status":"closed","template":"","meta":{"_bst_post_transparent":"default","_bst_post_title":"","_bst_post_layout":"default","_bst_post_sidebar_id":"","_bst_post_content_style":"default","_bst_post_vertical_padding":"default","_bst_post_feature":"","_bst_post_feature_position":"","_bst_post_header":false,"_bst_post_footer":false},"product_brand":[],"product_cat":[109],"product_tag":[],"product_brands":[],"class_list":{"0":"post-963313","1":"product","2":"type-product","3":"status-publish","4":"has-post-thumbnail","6":"product_cat-set","8":"first","9":"instock","10":"featured","11":"shipping-taxable","12":"purchasable","13":"product-type-simple","14":"entry","15":"content-bg","16":"loop-entry"},"_links":{"self":[{"href":"https:\/\/jm-pharma.net\/en\/wp-json\/wp\/v2\/product\/963313","targetHints":{"allow":["GET"]}}],"collection":[{"href":"https:\/\/jm-pharma.net\/en\/wp-json\/wp\/v2\/product"}],"about":[{"href":"https:\/\/jm-pharma.net\/en\/wp-json\/wp\/v2\/types\/product"}],"replies":[{"embeddable":true,"href":"https:\/\/jm-pharma.net\/en\/wp-json\/wp\/v2\/comments?post=963313"}],"wp:featuredmedia":[{"embeddable":true,"href":"https:\/\/jm-pharma.net\/en\/wp-json\/wp\/v2\/media\/963567"}],"wp:attachment":[{"href":"https:\/\/jm-pharma.net\/en\/wp-json\/wp\/v2\/media?parent=963313"}],"wp:term":[{"taxonomy":"product_brand","embeddable":true,"href":"https:\/\/jm-pharma.net\/en\/wp-json\/wp\/v2\/product_brand?post=963313"},{"taxonomy":"product_cat","embeddable":true,"href":"https:\/\/jm-pharma.net\/en\/wp-json\/wp\/v2\/product_cat?post=963313"},{"taxonomy":"product_tag","embeddable":true,"href":"https:\/\/jm-pharma.net\/en\/wp-json\/wp\/v2\/product_tag?post=963313"},{"taxonomy":"product_brands","embeddable":true,"href":"https:\/\/jm-pharma.net\/en\/wp-json\/wp\/v2\/product_brands?post=963313"}],"curies":[{"name":"wp","href":"https:\/\/api.w.org\/{rel}","templated":true}]}}