{"id":963530,"date":"2025-06-21T00:12:17","date_gmt":"2025-06-21T00:12:17","guid":{"rendered":"https:\/\/jm-pharma.net\/?post_type=product&#038;p=963530"},"modified":"2026-02-10T12:21:59","modified_gmt":"2026-02-10T12:21:59","slug":"hydra-glow-kit","status":"publish","type":"product","link":"https:\/\/jm-pharma.net\/en\/product\/hydra-glow-kit\/","title":{"rendered":"Hydra Glow Kit"},"content":{"rendered":"<p data-start=\"58\" data-end=\"470\"><strong data-start=\"58\" data-end=\"90\">Toner Hydra-Refresh Essence:<\/strong><br data-start=\"90\" data-end=\"93\" \/>Udh\u00ebtimi drejt nj\u00eb l\u00ebkure t\u00eb rifreskuar fillon me Tonerin ton\u00eb Hydra-Refresh. \u00cbsht\u00eb nj\u00eb p\u00ebrzierje unike e Mukusit t\u00eb Gjarprit dhe Mjaltit t\u00eb Fermentuar q\u00eb ofron nj\u00eb efekt hidratues t\u00eb thell\u00eb, freskues dhe ushqyes. Aloe Vera, ekstrakti i kastravecit dhe ekstrakti i propolisit japin nj\u00eb ndjesi qet\u00ebsuese, nd\u00ebrsa tekstura speciale siguron hidratim efektiv dhe nj\u00eb prekje t\u00eb but\u00eb.<\/p>\n<hr data-start=\"472\" data-end=\"475\" \/>\n<p data-start=\"477\" data-end=\"818\"><strong data-start=\"477\" data-end=\"498\">Serum Hydra-Glow:<\/strong><br data-start=\"498\" data-end=\"501\" \/>Arrini nj\u00eb balanc\u00eb harmonike midis natyr\u00ebs dhe shkenc\u00ebs me Serumin ton\u00eb Hydra-Glow. Lufton pap\u00ebrsosm\u00ebrit\u00eb e l\u00ebkur\u00ebs duke ofruar hidratim t\u00eb thell\u00eb. Mukusi i Gjarprit, Niacinamidi, Rr\u00ebnja e Likoric\u00ebs dhe Ekstrakti i Mjaltit krijojn\u00eb nj\u00eb formul\u00eb q\u00eb ndri\u00e7on dhe hidraton, duke l\u00ebn\u00eb l\u00ebkur\u00ebn me nj\u00eb ton m\u00eb t\u00eb nj\u00ebtrajtsh\u00ebm.<\/p>\n<hr data-start=\"820\" data-end=\"823\" \/>\n<p data-start=\"825\" data-end=\"1299\"><strong data-start=\"825\" data-end=\"846\">Krem Hydra-Moist:<\/strong><br data-start=\"846\" data-end=\"849\" \/>Ky krem me Mukus Gjarpri t\u00eb fuqish\u00ebm, ekstrakt Mjalti dhe Kompleks Acid Hialuronik \u00ebsht\u00eb krijuar p\u00ebr t\u00eb p\u00ebrmbushur nevojat e hidratimit t\u00eb l\u00ebkur\u00ebs. P\u00ebrb\u00ebr\u00ebsit si Vaji i Farave t\u00eb Tr\u00ebndafilit dhe Vaji i Farave t\u00eb Rrushit i japin l\u00ebkur\u00ebs nj\u00eb rrezatim natyral. Me nj\u00eb formul\u00eb t\u00eb p\u00ebrmir\u00ebsuar q\u00eb p\u00ebrfshin Pre- dhe Postbiotik\u00eb, promovon nj\u00eb mikrobiom t\u00eb balancuar t\u00eb l\u00ebkur\u00ebs. Nd\u00ebrsa p\u00ebrmir\u00ebson pamjen rrezatuese t\u00eb l\u00ebkur\u00ebs, ushqen dhe hidraton thell\u00ebsisht.<\/p>\n<p data-start=\"58\" data-end=\"411\">","protected":false},"excerpt":{"rendered":"<p>3 Hapat p\u00ebr Bukurin\u00eb e Q\u00ebndrueshme<\/p>","protected":false},"featured_media":963570,"comment_status":"open","ping_status":"closed","template":"","meta":{"_bst_post_transparent":"default","_bst_post_title":"","_bst_post_layout":"default","_bst_post_sidebar_id":"","_bst_post_content_style":"default","_bst_post_vertical_padding":"default","_bst_post_feature":"","_bst_post_feature_position":"","_bst_post_header":false,"_bst_post_footer":false},"product_brand":[],"product_cat":[109],"product_tag":[],"product_brands":[],"class_list":{"0":"post-963530","1":"product","2":"type-product","3":"status-publish","4":"has-post-thumbnail","6":"product_cat-set","8":"first","9":"instock","10":"featured","11":"shipping-taxable","12":"purchasable","13":"product-type-simple","14":"entry","15":"content-bg","16":"loop-entry"},"_links":{"self":[{"href":"https:\/\/jm-pharma.net\/en\/wp-json\/wp\/v2\/product\/963530","targetHints":{"allow":["GET"]}}],"collection":[{"href":"https:\/\/jm-pharma.net\/en\/wp-json\/wp\/v2\/product"}],"about":[{"href":"https:\/\/jm-pharma.net\/en\/wp-json\/wp\/v2\/types\/product"}],"replies":[{"embeddable":true,"href":"https:\/\/jm-pharma.net\/en\/wp-json\/wp\/v2\/comments?post=963530"}],"wp:featuredmedia":[{"embeddable":true,"href":"https:\/\/jm-pharma.net\/en\/wp-json\/wp\/v2\/media\/963570"}],"wp:attachment":[{"href":"https:\/\/jm-pharma.net\/en\/wp-json\/wp\/v2\/media?parent=963530"}],"wp:term":[{"taxonomy":"product_brand","embeddable":true,"href":"https:\/\/jm-pharma.net\/en\/wp-json\/wp\/v2\/product_brand?post=963530"},{"taxonomy":"product_cat","embeddable":true,"href":"https:\/\/jm-pharma.net\/en\/wp-json\/wp\/v2\/product_cat?post=963530"},{"taxonomy":"product_tag","embeddable":true,"href":"https:\/\/jm-pharma.net\/en\/wp-json\/wp\/v2\/product_tag?post=963530"},{"taxonomy":"product_brands","embeddable":true,"href":"https:\/\/jm-pharma.net\/en\/wp-json\/wp\/v2\/product_brands?post=963530"}],"curies":[{"name":"wp","href":"https:\/\/api.w.org\/{rel}","templated":true}]}}