{"id":963536,"date":"2025-06-21T00:19:36","date_gmt":"2025-06-21T00:19:36","guid":{"rendered":"https:\/\/jm-pharma.net\/?post_type=product&#038;p=963536"},"modified":"2026-02-10T12:21:49","modified_gmt":"2026-02-10T12:21:49","slug":"barrier-repair-kit","status":"publish","type":"product","link":"https:\/\/jm-pharma.net\/en\/product\/barrier-repair-kit\/","title":{"rendered":"Barrier Repair Kit"},"content":{"rendered":"<p data-start=\"66\" data-end=\"99\"><strong data-start=\"66\" data-end=\"99\">Toner Rind\u00ebrtues i Barrier\u00ebs:<\/strong><\/p>\n<p data-start=\"101\" data-end=\"545\">Filloni ritualin tuaj t\u00eb kujdesit p\u00ebr l\u00ebkur\u00ebn n\u00eb mbr\u00ebmje me Tonerin Barrier Boost. Ky tonik i p\u00ebrgatitur me kujdes ofron mbrojtje kund\u00ebr d\u00ebmtimeve t\u00eb shkaktuara nga stresi i p\u00ebrditsh\u00ebm. I pasuruar me ekstrakt xhenseni dhe \u00e7aj jeshil t\u00eb fermentuar, ai freskon but\u00ebsisht dhe mbron l\u00ebkur\u00ebn. Efektet qet\u00ebsuese t\u00eb Beta-Glukanit kombinohen me lloje t\u00eb ndryshme t\u00eb Acidit Hialuronik p\u00ebr t\u00eb ofruar hidratim t\u00eb thell\u00eb dhe forcim t\u00eb barrier\u00ebs s\u00eb l\u00ebkur\u00ebs.<\/p>\n<hr data-start=\"547\" data-end=\"550\" \/>\n<p data-start=\"552\" data-end=\"585\"><strong data-start=\"552\" data-end=\"585\">Serum Rind\u00ebrtues i Barrier\u00ebs:<\/strong><\/p>\n<p data-start=\"587\" data-end=\"876\">Serumi Barrier Reform kombinon ekstraktin e xhensengut, acidin hialuronik dhe beta-glukanin p\u00ebr t\u00eb ofruar rigjall\u00ebrim dhe hidratim t\u00eb thell\u00eb. Ky serum mb\u00ebshtet rigjenerimin e l\u00ebkur\u00ebs dhe lufton shenjat e plakjes, duke ofruar nj\u00eb zgjidhje p\u00ebr l\u00ebkur\u00eb t\u00eb ekuilibruar, t\u00eb but\u00eb dhe me shk\u00eblqim.<\/p>\n<hr data-start=\"878\" data-end=\"881\" \/>\n<p data-start=\"883\" data-end=\"922\"><strong data-start=\"883\" data-end=\"922\">Krem Nate p\u00ebr Rinovim t\u00eb Barrier\u00ebs:<\/strong><\/p>\n<p data-start=\"924\" data-end=\"1286\">Kremi yn\u00eb i avancuar Barrier Renew p\u00ebr nat\u00eb mb\u00ebshtet procesin natyror t\u00eb rigjenerimit t\u00eb l\u00ebkur\u00ebs gjat\u00eb gjumit. I pasuruar me bakuchiol, postbiotik\u00eb, peptide, vajra dhe ekstrakte bimore, ai hidraton n\u00eb thell\u00ebsi dhe riparon barrier\u00ebn e l\u00ebkur\u00ebs. P\u00ebrdoreni gjat\u00eb dit\u00ebs p\u00ebr hidratim dhe ndri\u00e7im t\u00eb menj\u00ebhersh\u00ebm, dhe gjat\u00eb nat\u00ebs p\u00ebr nj\u00eb shk\u00eblqim t\u00eb fresk\u00ebt n\u00eb m\u00ebngjes.<\/p>\n<hr data-start=\"1288\" data-end=\"1291\" \/>","protected":false},"excerpt":{"rendered":"<p>3 Hapat p\u00ebr riparimin e lekures gjate nates.<\/p>","protected":false},"featured_media":963564,"comment_status":"open","ping_status":"closed","template":"","meta":{"_bst_post_transparent":"default","_bst_post_title":"","_bst_post_layout":"default","_bst_post_sidebar_id":"","_bst_post_content_style":"default","_bst_post_vertical_padding":"default","_bst_post_feature":"","_bst_post_feature_position":"","_bst_post_header":false,"_bst_post_footer":false},"product_brand":[],"product_cat":[109],"product_tag":[],"product_brands":[],"class_list":{"0":"post-963536","1":"product","2":"type-product","3":"status-publish","4":"has-post-thumbnail","6":"product_cat-set","8":"first","9":"instock","10":"featured","11":"shipping-taxable","12":"purchasable","13":"product-type-simple","14":"entry","15":"content-bg","16":"loop-entry"},"_links":{"self":[{"href":"https:\/\/jm-pharma.net\/en\/wp-json\/wp\/v2\/product\/963536","targetHints":{"allow":["GET"]}}],"collection":[{"href":"https:\/\/jm-pharma.net\/en\/wp-json\/wp\/v2\/product"}],"about":[{"href":"https:\/\/jm-pharma.net\/en\/wp-json\/wp\/v2\/types\/product"}],"replies":[{"embeddable":true,"href":"https:\/\/jm-pharma.net\/en\/wp-json\/wp\/v2\/comments?post=963536"}],"wp:featuredmedia":[{"embeddable":true,"href":"https:\/\/jm-pharma.net\/en\/wp-json\/wp\/v2\/media\/963564"}],"wp:attachment":[{"href":"https:\/\/jm-pharma.net\/en\/wp-json\/wp\/v2\/media?parent=963536"}],"wp:term":[{"taxonomy":"product_brand","embeddable":true,"href":"https:\/\/jm-pharma.net\/en\/wp-json\/wp\/v2\/product_brand?post=963536"},{"taxonomy":"product_cat","embeddable":true,"href":"https:\/\/jm-pharma.net\/en\/wp-json\/wp\/v2\/product_cat?post=963536"},{"taxonomy":"product_tag","embeddable":true,"href":"https:\/\/jm-pharma.net\/en\/wp-json\/wp\/v2\/product_tag?post=963536"},{"taxonomy":"product_brands","embeddable":true,"href":"https:\/\/jm-pharma.net\/en\/wp-json\/wp\/v2\/product_brands?post=963536"}],"curies":[{"name":"wp","href":"https:\/\/api.w.org\/{rel}","templated":true}]}}