{"id":963542,"date":"2025-06-21T00:23:56","date_gmt":"2025-06-21T00:23:56","guid":{"rendered":"https:\/\/jm-pharma.net\/?post_type=product&#038;p=963542"},"modified":"2026-03-28T15:14:31","modified_gmt":"2026-03-28T15:14:31","slug":"anti-acne-kit","status":"publish","type":"product","link":"https:\/\/jm-pharma.net\/en\/product\/anti-acne-kit\/","title":{"rendered":"Anti Acne Kit"},"content":{"rendered":"<h3 data-start=\"70\" data-end=\"130\"><strong data-start=\"74\" data-end=\"130\">Toner Rafinues p\u00ebr Poret<\/strong><\/h3>\n<p data-start=\"132\" data-end=\"751\">AHA, BHA dhe PHA punojn\u00eb n\u00eb m\u00ebnyr\u00eb sinergjike p\u00ebr t\u00eb ndihmuar n\u00eb pastrimin e qelizave t\u00eb vdekura t\u00eb l\u00ebkur\u00ebs, reduktimin e dukjes s\u00eb poreve dhe arritjen e nj\u00eb teksture m\u00eb t\u00eb but\u00eb t\u00eb l\u00ebkur\u00ebs. Mugwort i fermentuar ofron veti t\u00eb shtuara antioksiduese, duke mbrojtur l\u00ebkur\u00ebn ndaj faktor\u00ebve t\u00eb jasht\u00ebm mjedisor\u00eb, nd\u00ebrsa Centella Asiatica, e njohur si \u201csh\u00ebruesja e natyr\u00ebs\u201d, qet\u00ebson dhe ndihmon n\u00eb rikuperimin e l\u00ebkur\u00ebs. P\u00ebrb\u00ebr\u00ebsit prebiotik\u00eb mb\u00ebshtesin flor\u00ebn e l\u00ebkur\u00ebs, duke nxitur nj\u00eb pamje m\u00eb t\u00eb ndritshme dhe t\u00eb sh\u00ebndetshme. Ndihmon n\u00eb ushqimin dhe ndri\u00e7imin e l\u00ebkur\u00ebs, duke e rafinuar at\u00eb p\u00ebr nj\u00eb p\u00ebrfundim m\u00eb t\u00eb l\u00ebmuar.<\/p>\n<hr data-start=\"753\" data-end=\"756\" \/>\n<h3 data-start=\"758\" data-end=\"804\"><strong data-start=\"762\" data-end=\"804\">Serum Kund\u00ebr Akneve<\/strong><\/h3>\n<p data-start=\"806\" data-end=\"1293\">I pasuruar me ekstrakt t\u00eb Centell\u00ebs, Acid Azelaik dhe Ekstrakt L\u00ebvore Shelgje, ky serum ofron nj\u00eb qasje t\u00eb but\u00eb p\u00ebr l\u00ebkur\u00ebn e prirur ndaj akneve. I pasuruar gjithashtu me Centelloide (Acid Madecassic, Asiaticoside dhe Acid Asiatic) dhe Pre + Postbiotik\u00eb, mb\u00ebshtet mikrobiom\u00ebn e l\u00ebkur\u00ebs dhe ndihmon n\u00eb rigjenerimin e saj. P\u00ebrfaq\u00ebson nj\u00eb m\u00ebnyr\u00eb m\u00eb t\u00eb but\u00eb dhe m\u00eb t\u00eb kujdesshme p\u00ebr kujdesin e p\u00ebrditsh\u00ebm ndaj l\u00ebkur\u00ebs, duke sjell\u00eb nj\u00eb l\u00ebkur\u00eb t\u00eb fresk\u00ebt, t\u00eb l\u00ebmuar dhe natyrsh\u00ebm t\u00eb ndritshme.<\/p>\n<hr data-start=\"1295\" data-end=\"1298\" \/>\n<h3 data-start=\"1300\" data-end=\"1367\"><strong data-start=\"1304\" data-end=\"1367\">Krem Hidratues Pa Vaj<\/strong><\/h3>\n<p data-start=\"1369\" data-end=\"1843\">Formula pa vaj \u00ebsht\u00eb krijuar posa\u00e7\u00ebrisht p\u00ebr t\u00eb p\u00ebrmbushur nevojat hidratuese t\u00eb l\u00ebkur\u00ebs s\u00eb prirur ndaj akneve. I pasuruar me Aloe Vera, Acid Hialuronik dhe Ectoin p\u00ebr hidratim t\u00eb thell\u00eb, ekstrakt Centella p\u00ebr qet\u00ebsim t\u00eb l\u00ebkur\u00ebs dhe LHA p\u00ebr pastrim t\u00eb but\u00eb, ky krem gjithashtu p\u00ebrmban veti antioksiduese nga Ginkgo Biloba dhe efektin rafinues t\u00eb Ekstraktit t\u00eb L\u00ebvores s\u00eb Shelgut. P\u00ebrzierja gjith\u00ebp\u00ebrfshir\u00ebse e p\u00ebrb\u00ebr\u00ebsve siguron nj\u00eb pamje t\u00eb but\u00eb dhe t\u00eb pastruar t\u00eb l\u00ebkur\u00ebs.<\/p>","protected":false},"excerpt":{"rendered":"<p>3 HAPAT P\u00cbR T\u00cb ARRITUR L\u00cbKUR\u00cb T\u00cb BUT\u00cb DHE T\u00cb PAST\u00cbR<\/p>","protected":false},"featured_media":963563,"comment_status":"open","ping_status":"closed","template":"","meta":{"_bst_post_transparent":"default","_bst_post_title":"","_bst_post_layout":"default","_bst_post_sidebar_id":"","_bst_post_content_style":"default","_bst_post_vertical_padding":"default","_bst_post_feature":"","_bst_post_feature_position":"","_bst_post_header":false,"_bst_post_footer":false},"product_brand":[],"product_cat":[109],"product_tag":[],"product_brands":[],"class_list":{"0":"post-963542","1":"product","2":"type-product","3":"status-publish","4":"has-post-thumbnail","6":"product_cat-set","8":"first","9":"outofstock","10":"featured","11":"shipping-taxable","12":"purchasable","13":"product-type-simple","14":"entry","15":"content-bg","16":"loop-entry"},"_links":{"self":[{"href":"https:\/\/jm-pharma.net\/en\/wp-json\/wp\/v2\/product\/963542","targetHints":{"allow":["GET"]}}],"collection":[{"href":"https:\/\/jm-pharma.net\/en\/wp-json\/wp\/v2\/product"}],"about":[{"href":"https:\/\/jm-pharma.net\/en\/wp-json\/wp\/v2\/types\/product"}],"replies":[{"embeddable":true,"href":"https:\/\/jm-pharma.net\/en\/wp-json\/wp\/v2\/comments?post=963542"}],"wp:featuredmedia":[{"embeddable":true,"href":"https:\/\/jm-pharma.net\/en\/wp-json\/wp\/v2\/media\/963563"}],"wp:attachment":[{"href":"https:\/\/jm-pharma.net\/en\/wp-json\/wp\/v2\/media?parent=963542"}],"wp:term":[{"taxonomy":"product_brand","embeddable":true,"href":"https:\/\/jm-pharma.net\/en\/wp-json\/wp\/v2\/product_brand?post=963542"},{"taxonomy":"product_cat","embeddable":true,"href":"https:\/\/jm-pharma.net\/en\/wp-json\/wp\/v2\/product_cat?post=963542"},{"taxonomy":"product_tag","embeddable":true,"href":"https:\/\/jm-pharma.net\/en\/wp-json\/wp\/v2\/product_tag?post=963542"},{"taxonomy":"product_brands","embeddable":true,"href":"https:\/\/jm-pharma.net\/en\/wp-json\/wp\/v2\/product_brands?post=963542"}],"curies":[{"name":"wp","href":"https:\/\/api.w.org\/{rel}","templated":true}]}}